{"id":2720,"date":"2025-04-28T22:20:47","date_gmt":"2025-04-28T22:20:47","guid":{"rendered":"https:\/\/nordicore.dk\/vare\/olympisk-skivstaang-220-cm\/"},"modified":"2025-11-20T09:54:43","modified_gmt":"2025-11-20T09:54:43","slug":"olympisk-skivstaang-220-cm","status":"publish","type":"product","link":"https:\/\/nordicore.dk\/sv\/vare\/olympisk-skivstaang-220-cm\/","title":{"rendered":"Olympisk skivst\u00e5ng 220 cm"},"content":{"rendered":"<p class=\"\" data-start=\"81\" data-end=\"549\">NordiCore Olympic Barbell 220 cm \u00e4r gjord f\u00f6r seri\u00f6s styrketr\u00e4ning. Med en h\u00e5ldiameter p\u00e5 50 mm passar skivst\u00e5ngen till alla vanliga olympiska viktskivor och levereras med fj\u00e4derl\u00e5s f\u00f6r s\u00e4ker och effektiv tr\u00e4ning. Skivst\u00e5ngen v\u00e4ger 16 kg och \u00e4r utrustad med kullager i hylsorna, vilket s\u00e4kerst\u00e4ller smidig rotation och optimal lyftprestanda &#8211; perfekt f\u00f6r b\u00e5de explosiva lyft och tekniskt kr\u00e4vande \u00f6vningar. Perfekt f\u00f6r b\u00e5de hemmagym och professionella tr\u00e4ningsmilj\u00f6er.   <\/p>\n<hr class=\"\" data-start=\"989\" data-end=\"992\">\n<p class=\"\" data-start=\"551\" data-end=\"572\">Specifikationer<\/p>\n<ul data-start=\"573\" data-end=\"740\">\n<li class=\"\" data-start=\"573\" data-end=\"591\">\n<p class=\"\" data-start=\"575\" data-end=\"591\">L\u00e4ngd: 220 cm<\/p>\n<\/li>\n<li class=\"\" data-start=\"592\" data-end=\"607\">\n<p class=\"\" data-start=\"594\" data-end=\"607\">Vikt: 16 kg<\/p>\n<\/li>\n<li class=\"\" data-start=\"608\" data-end=\"664\">\n<p class=\"\" data-start=\"610\" data-end=\"664\">H\u00e5ldiameter: 50 mm (passar olympiska viktskivor)<\/p>\n<\/li>\n<li class=\"\" data-start=\"665\" data-end=\"695\">\n<p class=\"\" data-start=\"667\" data-end=\"695\">Inneh\u00e5ller: 2 x fj\u00e4derl\u00e5s<\/p>\n<\/li>\n<li class=\"\" data-start=\"696\" data-end=\"740\">\n<p class=\"\" data-start=\"698\" data-end=\"740\">Kullager i hylsorna f\u00f6r j\u00e4mn rotation<\/p>\n<\/li>\n<\/ul>\n<p class=\"\" data-start=\"742\" data-end=\"808\">Ett bra val f\u00f6r styrkelyft, tyngdlyftning och funktionell tr\u00e4ning.<\/p>\n","protected":false},"excerpt":{"rendered":"<p>NordiCore Olympic Barbell 220 cm \u00e4r gjord f\u00f6r seri\u00f6s styrketr\u00e4ning. Med en h\u00e5ldiameter p\u00e5 50 mm passar skivst\u00e5ngen till alla vanliga olympiska viktskivor och levereras med fj\u00e4derl\u00e5s f\u00f6r s\u00e4ker och effektiv tr\u00e4ning. Skivst\u00e5ngen v\u00e4ger 16 kg och \u00e4r utrustad med kullager i hylsorna, vilket s\u00e4kerst\u00e4ller smidig rotation och optimal lyftprestanda &#8211; perfekt f\u00f6r b\u00e5de explosiva [&#8230;]\n","protected":false},"featured_media":519,"comment_status":"open","ping_status":"closed","template":"","meta":[],"product_brand":[],"product_cat":[170,169,164],"product_tag":[],"class_list":{"0":"post-2720","1":"product","2":"type-product","3":"status-publish","4":"has-post-thumbnail","6":"product_cat-olympiska-skivstaenger","7":"product_cat-skivstaenger","8":"product_cat-styrketraening-sv","10":"first","11":"instock","12":"taxable","13":"shipping-taxable","14":"purchasable","15":"product-type-simple"},"_links":{"self":[{"href":"https:\/\/nordicore.dk\/sv\/wp-json\/wp\/v2\/product\/2720","targetHints":{"allow":["GET"]}}],"collection":[{"href":"https:\/\/nordicore.dk\/sv\/wp-json\/wp\/v2\/product"}],"about":[{"href":"https:\/\/nordicore.dk\/sv\/wp-json\/wp\/v2\/types\/product"}],"replies":[{"embeddable":true,"href":"https:\/\/nordicore.dk\/sv\/wp-json\/wp\/v2\/comments?post=2720"}],"wp:featuredmedia":[{"embeddable":true,"href":"https:\/\/nordicore.dk\/sv\/wp-json\/wp\/v2\/media\/519"}],"wp:attachment":[{"href":"https:\/\/nordicore.dk\/sv\/wp-json\/wp\/v2\/media?parent=2720"}],"wp:term":[{"taxonomy":"product_brand","embeddable":true,"href":"https:\/\/nordicore.dk\/sv\/wp-json\/wp\/v2\/product_brand?post=2720"},{"taxonomy":"product_cat","embeddable":true,"href":"https:\/\/nordicore.dk\/sv\/wp-json\/wp\/v2\/product_cat?post=2720"},{"taxonomy":"product_tag","embeddable":true,"href":"https:\/\/nordicore.dk\/sv\/wp-json\/wp\/v2\/product_tag?post=2720"}],"curies":[{"name":"wp","href":"https:\/\/api.w.org\/{rel}","templated":true}]}}