{"id":2718,"date":"2025-04-28T18:00:31","date_gmt":"2025-04-28T18:00:31","guid":{"rendered":"https:\/\/nordicore.dk\/vare\/justerbar-viktbaenk-med-motstaandsband-tm110\/"},"modified":"2025-11-20T09:53:53","modified_gmt":"2025-11-20T09:53:53","slug":"justerbar-viktbaenk-med-motstaandsband-tm110","status":"publish","type":"product","link":"https:\/\/nordicore.dk\/sv\/vare\/justerbar-viktbaenk-med-motstaandsband-tm110\/","title":{"rendered":"Justerbar viktb\u00e4nk med motst\u00e5ndsband TM110"},"content":{"rendered":"<p class=\"\" data-start=\"195\" data-end=\"401\">NordiCore BM110 kombinerar flexibel tr\u00e4ning och extra motst\u00e5nd i en kompakt l\u00f6sning. Med 7 justerbara l\u00e4gen och medf\u00f6ljande motst\u00e5ndsband f\u00e5r du en effektiv helkroppstr\u00e4ning direkt i hemmet.<\/p>\n<p class=\"\" data-start=\"403\" data-end=\"596\">B\u00e4nken \u00e4r tillverkad i robusta material med ergonomisk stoppning f\u00f6r maximal komfort och st\u00f6d. Den hopf\u00e4llbara designen sparar utrymme och de halkfria f\u00f6tterna ger stabilitet under hela tr\u00e4ningspasset.<\/p>\n<p class=\"\" data-start=\"598\" data-end=\"692\">Ett bra val f\u00f6r dig som vill ha en m\u00e5ngsidig b\u00e4nk med extra m\u00f6jligheter till styrketr\u00e4ning.<\/p>\n","protected":false},"excerpt":{"rendered":"<p>NordiCore BM110 kombinerar flexibel tr\u00e4ning och extra motst\u00e5nd i en kompakt l\u00f6sning. Med 7 justerbara l\u00e4gen och medf\u00f6ljande motst\u00e5ndsband f\u00e5r du en effektiv helkroppstr\u00e4ning direkt i hemmet. B\u00e4nken \u00e4r tillverkad i robusta material med ergonomisk stoppning f\u00f6r maximal komfort och st\u00f6d. Den hopf\u00e4llbara designen sparar utrymme och de halkfria f\u00f6tterna ger stabilitet under hela tr\u00e4ningspasset. [&#8230;]\n","protected":false},"featured_media":2259,"comment_status":"open","ping_status":"closed","template":"","meta":[],"product_brand":[],"product_cat":[168,164,167],"product_tag":[],"class_list":{"0":"post-2718","1":"product","2":"type-product","3":"status-publish","4":"has-post-thumbnail","6":"product_cat-justerbara-traeningsbaenkar","7":"product_cat-styrketraening-sv","8":"product_cat-tyngdlyftningsbaenkar","10":"first","11":"instock","12":"sale","13":"taxable","14":"shipping-taxable","15":"purchasable","16":"product-type-simple"},"_links":{"self":[{"href":"https:\/\/nordicore.dk\/sv\/wp-json\/wp\/v2\/product\/2718","targetHints":{"allow":["GET"]}}],"collection":[{"href":"https:\/\/nordicore.dk\/sv\/wp-json\/wp\/v2\/product"}],"about":[{"href":"https:\/\/nordicore.dk\/sv\/wp-json\/wp\/v2\/types\/product"}],"replies":[{"embeddable":true,"href":"https:\/\/nordicore.dk\/sv\/wp-json\/wp\/v2\/comments?post=2718"}],"wp:featuredmedia":[{"embeddable":true,"href":"https:\/\/nordicore.dk\/sv\/wp-json\/wp\/v2\/media\/2259"}],"wp:attachment":[{"href":"https:\/\/nordicore.dk\/sv\/wp-json\/wp\/v2\/media?parent=2718"}],"wp:term":[{"taxonomy":"product_brand","embeddable":true,"href":"https:\/\/nordicore.dk\/sv\/wp-json\/wp\/v2\/product_brand?post=2718"},{"taxonomy":"product_cat","embeddable":true,"href":"https:\/\/nordicore.dk\/sv\/wp-json\/wp\/v2\/product_cat?post=2718"},{"taxonomy":"product_tag","embeddable":true,"href":"https:\/\/nordicore.dk\/sv\/wp-json\/wp\/v2\/product_tag?post=2718"}],"curies":[{"name":"wp","href":"https:\/\/api.w.org\/{rel}","templated":true}]}}