{"id":2716,"date":"2025-04-19T13:29:44","date_gmt":"2025-04-19T13:29:44","guid":{"rendered":"https:\/\/nordicore.dk\/vare\/adjustpro-nc24-justerbar-hantel-24-kg\/"},"modified":"2026-03-18T13:03:06","modified_gmt":"2026-03-18T13:03:06","slug":"adjustpro-nc24-justerbar-hantel-24-kg","status":"publish","type":"product","link":"https:\/\/nordicore.dk\/sv\/vare\/adjustpro-nc24-justerbar-hantel-24-kg\/","title":{"rendered":"AdjustPro NC24 &#8211; Justerbar hantel 24 kg"},"content":{"rendered":"<p class=\"\" data-start=\"95\" data-end=\"357\">S\u00e4g adj\u00f6 till besv\u00e4ret med att skaffa flera hantlar. Adjust Pro NC24 kombinerar dem alla i en, med ett justeringssystem som ger dig ett viktintervall fr\u00e5n 2 till 24 kg. Hanteln i kommersiell kvalitet \u00e4r l\u00e4mplig f\u00f6r b\u00e5de professionell anv\u00e4ndning och hemmatr\u00e4ning.  <\/p>\n<p class=\"\" data-start=\"359\" data-end=\"564\">V\u00e4lj \u00f6nskad vikt med rattarna p\u00e5 vardera sidan, lyft hanteln &#8211; och du \u00e4r redo att tr\u00e4na. Beh\u00f6ver du byta till en annan \u00f6vning? S\u00e4tt tillbaka hanteln i h\u00e5llaren, justera och forts\u00e4tt utan avbrott.  <\/p>\n<p class=\"\" data-start=\"566\" data-end=\"741\">Handtaget \u00e4r ergonomiskt utformat med ett halkfritt grepp och viktskivorna \u00e4r belagda med slitstark termoplast f\u00f6r att skydda mot st\u00f6tar och repor &#8211; och g\u00f6ra dem tysta under anv\u00e4ndning.<\/p>\n<p class=\"\" data-start=\"743\" data-end=\"833\">En effektiv och platsbesparande l\u00f6sning f\u00f6r dig som inte vill kompromissa med kvaliteten.<\/p>\n","protected":false},"excerpt":{"rendered":"<p>S\u00e4g adj\u00f6 till besv\u00e4ret med att skaffa flera hantlar. Adjust Pro NC24 kombinerar dem alla i en, med ett justeringssystem som ger dig ett viktintervall fr\u00e5n 2 till 24 kg. Hanteln i kommersiell kvalitet \u00e4r l\u00e4mplig f\u00f6r b\u00e5de professionell anv\u00e4ndning och hemmatr\u00e4ning. V\u00e4lj \u00f6nskad vikt med rattarna p\u00e5 vardera sidan, lyft hanteln &#8211; och du [&#8230;]\n","protected":false},"featured_media":2330,"comment_status":"open","ping_status":"closed","template":"","meta":[],"product_brand":[],"product_cat":[165,166,164],"product_tag":[],"class_list":{"0":"post-2716","1":"product","2":"type-product","3":"status-publish","4":"has-post-thumbnail","6":"product_cat-hantlar","7":"product_cat-justerbara-hantlar","8":"product_cat-styrketraening-sv","10":"first","11":"outofstock","12":"taxable","13":"shipping-taxable","14":"product-type-variable","15":"wvs-archive-product-wrapper"},"_links":{"self":[{"href":"https:\/\/nordicore.dk\/sv\/wp-json\/wp\/v2\/product\/2716","targetHints":{"allow":["GET"]}}],"collection":[{"href":"https:\/\/nordicore.dk\/sv\/wp-json\/wp\/v2\/product"}],"about":[{"href":"https:\/\/nordicore.dk\/sv\/wp-json\/wp\/v2\/types\/product"}],"replies":[{"embeddable":true,"href":"https:\/\/nordicore.dk\/sv\/wp-json\/wp\/v2\/comments?post=2716"}],"wp:featuredmedia":[{"embeddable":true,"href":"https:\/\/nordicore.dk\/sv\/wp-json\/wp\/v2\/media\/2330"}],"wp:attachment":[{"href":"https:\/\/nordicore.dk\/sv\/wp-json\/wp\/v2\/media?parent=2716"}],"wp:term":[{"taxonomy":"product_brand","embeddable":true,"href":"https:\/\/nordicore.dk\/sv\/wp-json\/wp\/v2\/product_brand?post=2716"},{"taxonomy":"product_cat","embeddable":true,"href":"https:\/\/nordicore.dk\/sv\/wp-json\/wp\/v2\/product_cat?post=2716"},{"taxonomy":"product_tag","embeddable":true,"href":"https:\/\/nordicore.dk\/sv\/wp-json\/wp\/v2\/product_tag?post=2716"}],"curies":[{"name":"wp","href":"https:\/\/api.w.org\/{rel}","templated":true}]}}