{"id":2709,"date":"2025-05-08T20:20:51","date_gmt":"2025-05-08T20:20:51","guid":{"rendered":"https:\/\/nordicore.dk\/villkor-och-anvisningar\/"},"modified":"2025-07-12T22:14:25","modified_gmt":"2025-07-12T22:14:25","slug":"villkor-och-anvisningar","status":"publish","type":"page","link":"https:\/\/nordicore.dk\/sv\/villkor-och-anvisningar\/","title":{"rendered":"Villkor och anvisningar"},"content":{"rendered":"\n<h1 class=\"\" data-start=\"166\" data-end=\"190\"><strong data-start=\"168\" data-end=\"190\">Villkor och anvisningar<\/strong><\/h1>\n<h2 class=\"\" data-start=\"192\" data-end=\"220\"><strong data-start=\"195\" data-end=\"220\">Allm\u00e4n information<\/strong><\/h2>\n<p class=\"\" data-start=\"221\" data-end=\"375\">NordiCore.dk<br data-start=\"245\" data-end=\"248\">UNI International Commerce<br>CVR-nummer: 42199524<br data-start=\"287\" data-end=\"290\">Adress: Rolfs plads 17. 1, th<br data-start=\"312\" data-end=\"315\">Telefon: 60 72 77 60 <br data-start=\"343\" data-end=\"346\">E-post: info@nordicore.dk<\/p>\n<p class=\"\" data-start=\"377\" data-end=\"723\">Dessa villkor g\u00e4ller f\u00f6r alla leveranser fr\u00e5n NordiCore.dk, om inte annat avtalats skriftligen mellan dig som kund och oss. Produktbeskrivningar och anv\u00e4ndarhandb\u00f6cker medf\u00f6ljer leveransen i f\u00f6rekommande fall. Om du beh\u00f6ver ytterligare information eller r\u00e5d \u00e4r dessa endast v\u00e4gledande.  <\/p>\n<p class=\"\" data-start=\"725\" data-end=\"960\">Genom att handla hos oss godk\u00e4nner du dessa villkor. Vi uppmanar dig att l\u00e4sa igenom villkoren noggrant och bekanta dig med dina r\u00e4ttigheter och skyldigheter. Du kommer att f\u00e5 en kopia av villkoren tillsammans med orderbekr\u00e4ftelsen via e-post.  <\/p>\n<h2 class=\"\" data-start=\"967\" data-end=\"993\"><strong data-start=\"970\" data-end=\"993\">Best\u00e4llning av varor<\/strong><\/h2>\n<p class=\"\" data-start=\"994\" data-end=\"1190\">Varor kan best\u00e4llas via v\u00e5r webbshop. N\u00e4r din best\u00e4llning \u00e4r genomf\u00f6rd f\u00e5r du en orderbekr\u00e4ftelse via e-post som inneh\u00e5ller information om din best\u00e4llning. Vi rekommenderar att du sparar detta e-postmeddelande.  <\/p>\n<h2 class=\"\" data-start=\"1197\" data-end=\"1210\"><strong data-start=\"1200\" data-end=\"1210\">Priss\u00e4ttning<\/strong><\/h2>\n<p class=\"\" data-start=\"1211\" data-end=\"1455\">Alla priser p\u00e5 hemsidan \u00e4r i danska kronor (DKK) och inkluderar 25% moms.<br data-start=\"1281\" data-end=\"1284\">Leveranskostnader anges vid best\u00e4llning och innan du godk\u00e4nner din best\u00e4llning.<br>Kampanjer och rabattkoder kan inte kombineras om inte annat anges.<\/p>\n<h2 class=\"\" data-start=\"1462\" data-end=\"1477\"><strong data-start=\"1465\" data-end=\"1477\">Betalningsalternativ<\/strong><\/h2>\n<p class=\"\" data-start=\"1478\" data-end=\"1518\">Vi accepterar f\u00f6ljande betalningsmetoder:<\/p>\n<ul data-start=\"1520\" data-end=\"1636\">\n<li class=\"\" data-start=\"1520\" data-end=\"1531\">\n<p class=\"\" data-start=\"1522\" data-end=\"1531\">Tackkort<\/p>\n<\/li>\n<li class=\"\" data-start=\"1532\" data-end=\"1548\">\n<p class=\"\" data-start=\"1534\" data-end=\"1548\">Visa\/Debitkort<\/p>\n<\/li>\n<li class=\"\" data-start=\"1549\" data-end=\"1563\">\n<p class=\"\" data-start=\"1551\" data-end=\"1563\">MasterCard<\/p>\n<\/li>\n<li class=\"\" data-start=\"1564\" data-end=\"1581\">\n<p class=\"\" data-start=\"1566\" data-end=\"1581\">Visa\/Elektron<\/p>\n<\/li>\n<li class=\"\" data-start=\"1582\" data-end=\"1602\">\n<p class=\"\" data-start=\"1584\" data-end=\"1602\">American Express<\/p>\n<\/li>\n<li class=\"\" data-start=\"1603\" data-end=\"1610\">\n<p class=\"\" data-start=\"1605\" data-end=\"1610\">JCB<\/p>\n<\/li>\n<li class=\"\" data-start=\"1611\" data-end=\"1624\">\n<p class=\"\" data-start=\"1613\" data-end=\"1624\">MobilePay<\/p>\n<\/li>\n<li class=\"\" data-start=\"1625\" data-end=\"1636\">\n<p class=\"\" data-start=\"1627\" data-end=\"1636\">ViaBill<\/p>\n<\/li>\n<\/ul>\n<p class=\"\" data-start=\"1638\" data-end=\"1712\">Vi tar inte ut n\u00e5gra kortavgifter. Beloppet dras f\u00f6rst n\u00e4r varan expedieras. <\/p>\n<h2 class=\"\" data-start=\"1719\" data-end=\"1746\"><strong data-start=\"1722\" data-end=\"1746\">Reservation av belopp<\/strong><\/h2>\n<p class=\"\" data-start=\"1747\" data-end=\"1968\">Vid betalning med internationellt kreditkort reserveras beloppet omedelbart. Pengarna f\u00f6rblir reserverade tills vi antingen drar beloppet vid avs\u00e4ndandet eller reservationen l\u00f6per ut enligt avtalet med din kortutgivare.<br>Vid k\u00f6p med ViaBill f\u00e5r du f\u00f6rst dina varor och betalar sedan m\u00e5nadsvis p\u00e5 din betalningsdag, vilket \u00e4r samma dag som du har lagt din best\u00e4llning. Om du inte betalar i tid debiteras en avgift p\u00e5 39 DKK. Om du \u00e5ngrar ditt k\u00f6p upph\u00f6r betalningsavtalet med ViaBill automatiskt att g\u00e4lla.   <\/p>\n<h2 class=\"\" data-start=\"1975\" data-end=\"2011\"><strong data-start=\"1978\" data-end=\"2011\">S\u00e4kerhet f\u00f6r betalningar online<\/strong><\/h2>\n<p class=\"\" data-start=\"2012\" data-end=\"2177\">Vi anv\u00e4nder en SSL-krypterad anslutning (Secure Socket Layer), vilket inneb\u00e4r att dina kortuppgifter \u00f6verf\u00f6rs s\u00e4kert och krypterat till v\u00e5r betalningsgateway.<\/p>\n<h2 data-start=\"308\" data-end=\"523\"><strong>Frakt och leverans<\/strong><\/h2>\n<p class=\"\" data-start=\"308\" data-end=\"523\">P\u00e5 NordiCore.dk str\u00e4var vi efter att skicka best\u00e4llningar s\u00e5 snabbt som m\u00f6jligt &#8211; med en f\u00f6rv\u00e4ntad leveranstid p\u00e5 max. 5 arbetsdagar. Under s\u00e4rskilda perioder, t.ex. kampanjer och helgdagar, kan dock l\u00e4ngre leveranstider f\u00f6rekomma. <\/p>\n<p class=\"\" data-start=\"85\" data-end=\"493\">Vi erbjuder leverans med PostNord och GLS till en paketshop eller direkt till din adress f\u00f6r mindre f\u00f6rs\u00e4ndelser under 35 kg. F\u00f6r st\u00f6rre eller tunga f\u00f6rs\u00e4ndelser \u00f6ver 35 kg anv\u00e4nder vi oss av en transport\u00f6r som levererar till trottoarkanten. Det inneb\u00e4r att leveransen sker till n\u00e4rmaste tillg\u00e4ngliga plats p\u00e5 din adress, men inte b\u00e4rs in. Leveranserna sker normalt p\u00e5 vardagar mellan kl. 9.00-17.00. Du kan ocks\u00e5 h\u00e4mta din best\u00e4llning fr\u00e5n v\u00e5rt lager i Hvidovre efter \u00f6verenskommelse.    <\/p>\n<p class=\"\" data-start=\"786\" data-end=\"943\">Om du best\u00e4ller flera produkter med olika leveranstider i samma order g\u00e4ller den l\u00e4ngsta leveranstiden eftersom vi skickar hela ordern tillsammans.<\/p>\n<p data-start=\"945\" data-end=\"965\"><strong data-start=\"945\" data-end=\"965\">Frakt och priser:<\/strong><\/p>\n<ul data-start=\"966\" data-end=\"1315\">\n<li class=\"\" data-start=\"966\" data-end=\"1011\">\n<p class=\"\" data-start=\"968\" data-end=\"1011\">Vid k\u00f6p under 999 DKK \u00e4r fraktkostnaden 59 DKK.<\/p>\n<\/li>\n<li class=\"\" data-start=\"1012\" data-end=\"1075\">\n<p class=\"\" data-start=\"1014\" data-end=\"1075\">F\u00f6r k\u00f6p \u00f6ver 999 DKK erbjuder vi fri frakt i hela Danmark.<\/p>\n<\/li>\n<li class=\"\" data-start=\"1076\" data-end=\"1194\">\n<p class=\"\" data-start=\"1078\" data-end=\"1194\">Fraktpriserna g\u00e4ller endast i Danmark &#8211; f\u00f6r internationella leveranser tillkommer extra kostnader. Kontakta oss f\u00f6r mer information. <\/p>\n<\/li>\n<li class=\"\" data-start=\"1195\" data-end=\"1315\">\n<p class=\"\" data-start=\"1197\" data-end=\"1315\">Fraktpriset ber\u00e4knas utifr\u00e5n varans vikt, storlek och antal. Den totala frakten visas alltid innan du slutf\u00f6r best\u00e4llningen. <\/p>\n<\/li>\n<\/ul>\n<p class=\"\" data-start=\"1317\" data-end=\"1518\">Om du har gett tillst\u00e5nd till att din f\u00f6rs\u00e4ndelse f\u00e5r parkeras upph\u00f6r v\u00e5rt ansvar vid avl\u00e4mnandet. Om mottagaren inte \u00e4r n\u00e4rvarande vid leverans och f\u00f6rs\u00e4ndelsen m\u00e5ste returneras eller skickas p\u00e5 nytt, debiteras du som kund fraktkostnader f\u00f6r extra leverans. <\/p>\n<h3 class=\"\" data-start=\"1525\" data-end=\"1568\"><strong data-start=\"1529\" data-end=\"1568\">Tillhandah\u00e5llande av tj\u00e4nster (med installation)<\/strong><\/h3>\n<p class=\"\" data-start=\"1570\" data-end=\"1856\">Best\u00e4llda varor inklusive installation levereras tidigast 14 dagar efter det att \u00e5ngerr\u00e4tten har upph\u00f6rt att g\u00e4lla. Om du vill ha snabbare leverans kan vi g\u00f6ra ett separat avtal d\u00e4r du accepterar att \u00e5ngerr\u00e4tten upph\u00f6r n\u00e4r tj\u00e4nsten har levererats. Vi kommer att kontakta dig via e-post f\u00f6r bekr\u00e4ftelse.  <\/p>\n<h3 class=\"\" data-start=\"1863\" data-end=\"1905\"><strong data-start=\"1867\" data-end=\"1905\">\u00c4ndring eller annullering av en order<\/strong><\/h3>\n<p class=\"\" data-start=\"1907\" data-end=\"2143\">Om du vill \u00e4ndra eller annullera din best\u00e4llning, v\u00e4nligen kontakta oss s\u00e5 snart som m\u00f6jligt p\u00e5 <a class=\"cursor-pointer\" rel=\"noopener\" data-start=\"1999\" data-end=\"2012\">info@nordicore.dk.<\/a> Vi kan endast \u00e4ndra din best\u00e4llning om den \u00e4nnu inte har skickats. Om varan har skickats har du fortfarande 100 dagars full returr\u00e4tt.  <\/p>\n<h3 class=\"\" data-start=\"2150\" data-end=\"2172\"><strong data-start=\"2154\" data-end=\"2172\">Mottagning av varor<\/strong><\/h3>\n<p class=\"\" data-start=\"236\" data-end=\"501\">N\u00e4r du tar emot dina varor, kom ih\u00e5g att kontrollera att f\u00f6rpackningen \u00e4r intakt och fri fr\u00e5n synliga skador. Om f\u00f6rpackningen \u00e4r skadad eller visar tecken p\u00e5 skada under transporten rekommenderar vi att du skriver under en friskrivningsklausul &#8211; t.ex. &#8220;mottagen med skadad f\u00f6rpackning&#8221;.  <\/p>\n<p class=\"\" data-start=\"503\" data-end=\"601\">Som en allm\u00e4n regel g\u00e4ller att du aldrig ska kvittera ut en vara som du anser inte uppfyller best\u00e4llningen.<\/p>\n<p class=\"\" data-start=\"603\" data-end=\"936\">Om du efter uppackning uppt\u00e4cker att produkten \u00e4r skadad trots att f\u00f6rpackningen \u00e4r intakt, v\u00e4nligen kontakta oss s\u00e5 snart som m\u00f6jligt &#8211; helst inom 1-2 arbetsdagar &#8211; antingen via telefon 898 eller via e-post info@nordicore.dk. Vi kommer att hj\u00e4lpa dig vidare och erbjuda en l\u00f6sning. <\/p>\n<p class=\"\" data-start=\"938\" data-end=\"1078\">F\u00f6r att skydda dina r\u00e4ttigheter gentemot transport\u00f6ren \u00e4r det viktigt att skador &#8211; b\u00e5de synliga och dolda &#8211; anm\u00e4ls snabbt efter mottagandet.<\/p>\n<h2 class=\"\" data-start=\"163\" data-end=\"174\">R\u00e4tt till \u00e5terl\u00e4mnande<\/h2>\n<p class=\"\" data-start=\"176\" data-end=\"327\">Hos NordiCore.dk har du alltid 14 dagars lagstadgad \u00e5ngerr\u00e4tt &#8211; och dessutom erbjuder vi hela 100 dagars returr\u00e4tt, s\u00e5 att du kan handla i lugn och ro.<\/p>\n<h3 class=\"\" data-start=\"334\" data-end=\"362\">14 dagars \u00e5ngerr\u00e4tt<\/h3>\n<p class=\"\" data-start=\"364\" data-end=\"560\">Du har r\u00e4tt att \u00e5ngra ditt k\u00f6p inom 14 dagar fr\u00e5n mottagandet. Under denna period kan varan testas som om du h\u00f6ll den i en fysisk butik &#8211; men inte faktiskt anv\u00e4ndas. <\/p>\n<p class=\"\" data-start=\"562\" data-end=\"746\">F\u00f6r best\u00e4llningar med flera varor som levereras var f\u00f6r sig b\u00f6rjar \u00e5ngerfristen l\u00f6pa den dag du tar emot den sista varan. F\u00f6r kontinuerliga leveranser b\u00f6rjar \u00e5ngerfristen l\u00f6pa fr\u00e5n och med den f\u00f6rsta leveransen. <\/p>\n<p class=\"\" data-start=\"748\" data-end=\"1029\">Om du vill \u00e5ngra ditt k\u00f6p m\u00e5ste du meddela oss detta inom 14 dagar fr\u00e5n mottagandet genom att kontakta oss p\u00e5 <strong data-start=\"857\" data-end=\"878\"><a class=\"cursor-pointer\" rel=\"noopener\" data-start=\"859\" data-end=\"876\">info@nordicore.dk<\/a><\/strong>. Du har sedan ytterligare 14 dagar p\u00e5 dig att returnera varan. Du kan ocks\u00e5 anv\u00e4nda standardformul\u00e4ret f\u00f6r avbest\u00e4llning, som du hittar i v\u00e5ra allm\u00e4nna villkor.  <\/p>\n<p class=\"\" data-start=\"1031\" data-end=\"1140\">Observera att det inte r\u00e4cker att v\u00e4gra ta emot varan, utan du m\u00e5ste aktivt informera oss om att du vill \u00e5ngra dig.<\/p>\n<h3 class=\"\" data-start=\"1147\" data-end=\"1185\">Ut\u00f6kad returpolicy (upp till 100 dagar)<\/h3>\n<p class=\"\" data-start=\"1187\" data-end=\"1305\">Mellan dag 15 och dag 100 kan du fortfarande returnera varan f\u00f6rutsatt att den \u00e4r oanv\u00e4nd och i o\u00f6ppnad originalf\u00f6rpackning.<\/p>\n<h3 class=\"\" data-start=\"1312\" data-end=\"1344\">Varans skick vid \u00e5terl\u00e4mnandet<\/h3>\n<ul data-start=\"1346\" data-end=\"1622\">\n<li class=\"\" data-start=\"1346\" data-end=\"1512\">\n<p class=\"\" data-start=\"1348\" data-end=\"1512\"><strong data-start=\"1348\" data-end=\"1370\">Inom 14 dagar:<\/strong> Varan ska ha testats men inte anv\u00e4nts. Returneras i originalf\u00f6rpackning. Avsaknad av f\u00f6rpackning kan leda till v\u00e4rdef\u00f6rlust.  <\/p>\n<\/li>\n<li class=\"\" data-start=\"1513\" data-end=\"1622\">\n<p class=\"\" data-start=\"1515\" data-end=\"1622\"><strong data-start=\"1515\" data-end=\"1551\">Efter 14 dagar och fram till dag 100:<\/strong> Varan m\u00e5ste vara helt oanv\u00e4nd och f\u00f6rpackningen m\u00e5ste vara o\u00f6ppnad.<\/p>\n<\/li>\n<\/ul>\n<h3 class=\"\" data-start=\"1629\" data-end=\"1650\">Hur kan produkten testas?<\/h3>\n<p class=\"\" data-start=\"1652\" data-end=\"1929\">Du m\u00e5ste unders\u00f6ka varan som du skulle g\u00f6ra i en fysisk butik, dvs. packa upp den och kontrollera funktion och kvalitet. Anv\u00e4ndning ut\u00f6ver normal testning kan leda till v\u00e4rdeminskning och vi f\u00f6rbeh\u00e5ller oss r\u00e4tten att endast \u00e5terbetala en del av beloppet &#8211; eller i vissa fall v\u00e4gra \u00e5terbetalning. <\/p>\n<h3 class=\"\" data-start=\"1936\" data-end=\"1972\">Returer och fraktkostnader<\/h3>\n<p class=\"\" data-start=\"1974\" data-end=\"2130\">Du betalar sj\u00e4lv f\u00f6r returfrakten. Vi rekommenderar att du skickar paketet med sp\u00e5rning, eftersom du \u00e4r ansvarig f\u00f6r eventuella skador eller f\u00f6rluster under returtransporten. <\/p>\n<p class=\"\" data-start=\"2132\" data-end=\"2196\">Vi tar inte emot paket som skickas obest\u00e4llda eller mot postf\u00f6rskott.<\/p>\n<p class=\"\" data-start=\"2198\" data-end=\"2344\">Vid retur av st\u00f6rre varor &#8211; t.ex. tr\u00e4ningsmaskiner &#8211; kan fraktkostnaden bli h\u00f6gre och i vissa fall uppg\u00e5 till upp till 1.500 DKK.<\/p>\n<h3 class=\"\" data-start=\"2351\" data-end=\"2386\">Returnera delar av en order<\/h3>\n<p class=\"\" data-start=\"2388\" data-end=\"2528\">Du kan returnera delar av en hel order. Observera dock att vi endast \u00e5terbetalar den ursprungliga fraktkostnaden om hela ordern returneras. <\/p>\n<h3 class=\"\" data-start=\"2535\" data-end=\"2554\">\u00c5terbetalning<\/h3>\n<p class=\"\" data-start=\"2556\" data-end=\"2708\">N\u00e4r vi har tagit emot och godk\u00e4nt din retur \u00e5terbetalar vi det belopp du har r\u00e4tt till &#8211; antingen hela beloppet eller med avdrag f\u00f6r eventuell v\u00e4rdeminskning.<\/p>\n<p class=\"\" data-start=\"2710\" data-end=\"2830\">\u00c5terbetalning sker via samma betalningsmetod som du anv\u00e4nde vid k\u00f6pet &#8211; senast 14 dagar efter att vi har mottagit varan.<\/p>\n<h3 class=\"\" data-start=\"2837\" data-end=\"2866\">Tj\u00e4nster och serviceuppgifter<\/h3>\n<p class=\"\" data-start=\"2868\" data-end=\"2977\">Vid k\u00f6p av tj\u00e4nster, t.ex. installation, \u00e4r \u00e5ngerr\u00e4tten ocks\u00e5 14 dagar fr\u00e5n avtalsdatum.<\/p>\n<p class=\"\" data-start=\"2979\" data-end=\"3173\">Vi p\u00e5b\u00f6rjar inte arbetet f\u00f6rr\u00e4n efter avbest\u00e4llningstiden, om du inte beg\u00e4r att vi ska p\u00e5b\u00f6rja arbetet tidigare. Om du \u00f6nskar detta m\u00e5ste du acceptera att din \u00e5ngerr\u00e4tt f\u00f6rfaller n\u00e4r tj\u00e4nsten \u00e4r helt slutf\u00f6rd. <\/p>\n<p class=\"\" data-start=\"3175\" data-end=\"3267\">Om du \u00e4ndrar dig under processen betalar du bara f\u00f6r den del som vi redan har gjort &#8211; till exempel tid som lagts p\u00e5 installation eller f\u00f6rberedelser.<\/p>\n<h2 data-start=\"132\" data-end=\"500\">R\u00e4tt till klagom\u00e5l<\/h2>\n<p class=\"\" data-start=\"132\" data-end=\"500\">Hos NordiCore.dk agerar du som konsument i enlighet med reglerna i den danska k\u00f6plagen, vilket ger dig 24 m\u00e5naders garanti p\u00e5 fysiska varor. Reklamationsr\u00e4tten g\u00e4ller inte f\u00f6r tj\u00e4nster, om inte annat avtalats. Om du upplever fel eller brister i en vara, v\u00e4nligen kontakta oss innan du returnerar varan s\u00e5 att vi kan hj\u00e4lpa dig p\u00e5 b\u00e4sta m\u00f6jliga s\u00e4tt.  <\/p>\n<p class=\"\" data-start=\"502\" data-end=\"790\">Om reklamationen \u00e4r befogad kan du f\u00e5 varan reparerad, utbytt, \u00e5terbetald eller prisavdrag, beroende p\u00e5 situationen. Du m\u00e5ste reklamera inom sk\u00e4lig tid efter det att du uppt\u00e4ckt felet. Om du g\u00f6r en reklamation inom 2 m\u00e5nader anses den alltid vara i r\u00e4tt tid.  <\/p>\n<p class=\"\" data-start=\"792\" data-end=\"872\">V\u00e4nligen kontakta oss p\u00e5 <a class=\"cursor-pointer\" rel=\"noopener\" data-start=\"814\" data-end=\"831\">info@nordicore.dk.<\/a> F\u00f6r snabb behandling v\u00e4nligen skicka: <\/p>\n<ul data-start=\"873\" data-end=\"1002\">\n<li class=\"\" data-start=\"873\" data-end=\"903\">\n<p class=\"\" data-start=\"875\" data-end=\"903\">En bild av hela produkten<\/p>\n<\/li>\n<li class=\"\" data-start=\"904\" data-end=\"949\">\n<p class=\"\" data-start=\"906\" data-end=\"949\">En tydlig bild av felet eller defekten<\/p>\n<\/li>\n<li class=\"\" data-start=\"950\" data-end=\"967\">\n<p class=\"\" data-start=\"952\" data-end=\"967\">Ditt ordernummer<\/p>\n<\/li>\n<li class=\"\" data-start=\"968\" data-end=\"1002\">\n<p class=\"\" data-start=\"970\" data-end=\"1002\">En kortfattad beskrivning av problemet<\/p>\n<\/li>\n<\/ul>\n<p class=\"\" data-start=\"1004\" data-end=\"1230\">Observera att garantin inte t\u00e4cker skador som orsakats av normalt slitage, felaktig anv\u00e4ndning, bristande underh\u00e5ll eller skador som orsakats av yttre faktorer (t.ex. slitage, st\u00f6tar, fukt eller felaktig tv\u00e4tt).<\/p>\n<p class=\"\" data-start=\"1232\" data-end=\"1406\">Om ditt krav godk\u00e4nns \u00e5terbetalar vi dina rimliga fraktkostnader. Kom alltid ih\u00e5g att skicka varan s\u00e4kert f\u00f6rpackad och spara fraktkvittot. <\/p>\n<h2>Tillg\u00e5ng till r\u00e4ttslig pr\u00f6vning<\/h2>\n<p class=\"\" data-start=\"156\" data-end=\"340\">Om du som konsument vill klaga p\u00e5 ditt k\u00f6p kan du kontakta v\u00e5r kundtj\u00e4nst p\u00e5 info@nordicore.dk eller telefon +45 60 72 77 60 s\u00e5 ska vi g\u00f6ra v\u00e5rt b\u00e4sta f\u00f6r att hitta en l\u00f6sning.<\/p>\n<p class=\"\" data-start=\"342\" data-end=\"434\">Om vi inte kan hitta en tillfredsst\u00e4llande l\u00f6sning kan du l\u00e4mna in ett klagom\u00e5l till:<\/p>\n<p class=\"\" data-start=\"436\" data-end=\"558\">N\u00e6vnenes Hus, Center for Complaint Resolution<br data-start=\"477\" data-end=\"480\">Toldboden 2<br data-start=\"491\" data-end=\"494\">8800 Viborg<br data-start=\"505\" data-end=\"508\"><a class=\"\" href=\"https:\/\/www.naevneneshus.dk\" target=\"_new\" rel=\"noopener\" data-start=\"508\" data-end=\"558\">www.naevneneshus.dk<\/a><\/p>\n<p class=\"\" data-start=\"560\" data-end=\"724\">Du kan ocks\u00e5 anv\u00e4nda Europeiska kommissionens onlineportal f\u00f6r klagom\u00e5l, som \u00e4r s\u00e4rskilt relevant om du bor i ett annat EU-land:<br data-start=\"677\" data-end=\"680\"><a class=\"\" href=\"https:\/\/ec.europa.eu\/odr\" target=\"_new\" rel=\"noopener\" data-start=\"680\" data-end=\"724\">ec.europa.eu\/odr<\/a><\/p>\n<p data-start=\"560\" data-end=\"724\"> <\/p>\n<h1 data-start=\"560\" data-end=\"724\">Standard avbokningsformul\u00e4r<\/h1>\n<p data-start=\"560\" data-end=\"724\">(Detta formul\u00e4r ska endast fyllas i och returneras om \u00e5ngerr\u00e4tten utnyttjas)<\/p>\n<p>Till:<br>UNI International Commerce<br>Rolfs plads 17. 1, th<br>2000 Frederiksberg<br>E-post: info@nordicore.dk<\/p>\n<p data-start=\"560\" data-end=\"724\">H\u00e4rmed meddelar jag att jag vill utnyttja min \u00e5ngerr\u00e4tt i samband med mitt k\u00f6peavtal avseende f\u00f6ljande varor\/tj\u00e4nster:<\/p>\n<div><div class=\"is-divider divider clearfix\" ><\/div><div class=\"is-divider divider clearfix\" ><\/div><div class=\"is-divider divider clearfix\" ><\/div><div class=\"is-divider divider clearfix\" ><\/div><div class=\"is-divider divider clearfix\" ><\/div><div class=\"is-divider divider clearfix\" ><\/div><div class=\"is-divider divider clearfix\" ><\/div><div class=\"is-divider divider clearfix\" ><\/div><div class=\"is-divider divider clearfix\" ><\/div><div class=\"is-divider divider clearfix\" ><\/div><div class=\"is-divider divider clearfix\" ><\/div><div class=\"is-divider divider clearfix\" ><\/div><div class=\"is-divider divider clearfix\" ><\/div><div class=\"is-divider divider clearfix\" ><\/div><div class=\"is-divider divider clearfix\" ><\/div><div class=\"is-divider divider clearfix\" ><\/div>__<\/div>\n<div> <\/div>\n<div>Best\u00e4llde den:  <div class=\"is-divider divider clearfix\" ><\/div><div class=\"is-divider divider clearfix\" ><\/div><div class=\"is-divider divider clearfix\" ><\/div><div class=\"is-divider divider clearfix\" ><\/div><div class=\"is-divider divider clearfix\" ><\/div><div class=\"is-divider divider clearfix\" ><\/div>_ Mottagen den:  <div class=\"is-divider divider clearfix\" ><\/div><div class=\"is-divider divider clearfix\" ><\/div><div class=\"is-divider divider clearfix\" ><\/div><div class=\"is-divider divider clearfix\" ><\/div><div class=\"is-divider divider clearfix\" ><\/div><div class=\"is-divider divider clearfix\" ><\/div>_<\/div>\n<div> <\/div>\n<div>Konsumentens namn:  <div class=\"is-divider divider clearfix\" ><\/div><div class=\"is-divider divider clearfix\" ><\/div><div class=\"is-divider divider clearfix\" ><\/div><div class=\"is-divider divider clearfix\" ><\/div><div class=\"is-divider divider clearfix\" ><\/div><div class=\"is-divider divider clearfix\" ><\/div><div class=\"is-divider divider clearfix\" ><\/div><div class=\"is-divider divider clearfix\" ><\/div><div class=\"is-divider divider clearfix\" ><\/div><div class=\"is-divider divider clearfix\" ><\/div><div class=\"is-divider divider clearfix\" ><\/div><div class=\"is-divider divider clearfix\" ><\/div><div class=\"is-divider divider clearfix\" ><\/div><div class=\"is-divider divider clearfix\" ><\/div><\/div>\n<div> <\/div>\n<div>Konsumentens adress:  <div class=\"is-divider divider clearfix\" ><\/div><div class=\"is-divider divider clearfix\" ><\/div><div class=\"is-divider divider clearfix\" ><\/div><div class=\"is-divider divider clearfix\" ><\/div><div class=\"is-divider divider clearfix\" ><\/div><div class=\"is-divider divider clearfix\" ><\/div><div class=\"is-divider divider clearfix\" ><\/div><div class=\"is-divider divider clearfix\" ><\/div><div class=\"is-divider divider clearfix\" ><\/div><div class=\"is-divider divider clearfix\" ><\/div><div class=\"is-divider divider clearfix\" ><\/div><div class=\"is-divider divider clearfix\" ><\/div><div class=\"is-divider divider clearfix\" ><\/div>__<\/div>\n<div> <\/div>\n<div>Konsumentens namnteckning:  <div class=\"is-divider divider clearfix\" ><\/div><div class=\"is-divider divider clearfix\" ><\/div><div class=\"is-divider divider clearfix\" ><\/div><div class=\"is-divider divider clearfix\" ><\/div><div class=\"is-divider divider clearfix\" ><\/div><div class=\"is-divider divider clearfix\" ><\/div><div class=\"is-divider divider clearfix\" ><\/div><div class=\"is-divider divider clearfix\" ><\/div>_ Datum:  <div class=\"is-divider divider clearfix\" ><\/div><div class=\"is-divider divider clearfix\" ><\/div><div class=\"is-divider divider clearfix\" ><\/div>__<\/div>\n<div>(endast om inneh\u00e5llet i formul\u00e4ret meddelas p\u00e5 papper)<\/div>\n\n","protected":false},"excerpt":{"rendered":"","protected":false},"author":1,"featured_media":0,"parent":0,"menu_order":0,"comment_status":"closed","ping_status":"closed","template":"","meta":{"footnotes":""},"class_list":["post-2709","page","type-page","status-publish","hentry"],"_links":{"self":[{"href":"https:\/\/nordicore.dk\/sv\/wp-json\/wp\/v2\/pages\/2709","targetHints":{"allow":["GET"]}}],"collection":[{"href":"https:\/\/nordicore.dk\/sv\/wp-json\/wp\/v2\/pages"}],"about":[{"href":"https:\/\/nordicore.dk\/sv\/wp-json\/wp\/v2\/types\/page"}],"author":[{"embeddable":true,"href":"https:\/\/nordicore.dk\/sv\/wp-json\/wp\/v2\/users\/1"}],"replies":[{"embeddable":true,"href":"https:\/\/nordicore.dk\/sv\/wp-json\/wp\/v2\/comments?post=2709"}],"version-history":[{"count":2,"href":"https:\/\/nordicore.dk\/sv\/wp-json\/wp\/v2\/pages\/2709\/revisions"}],"predecessor-version":[{"id":2820,"href":"https:\/\/nordicore.dk\/sv\/wp-json\/wp\/v2\/pages\/2709\/revisions\/2820"}],"wp:attachment":[{"href":"https:\/\/nordicore.dk\/sv\/wp-json\/wp\/v2\/media?parent=2709"}],"curies":[{"name":"wp","href":"https:\/\/api.w.org\/{rel}","templated":true}]}}