{"id":2672,"date":"2025-05-07T22:19:16","date_gmt":"2025-05-07T22:19:16","guid":{"rendered":"https:\/\/nordicore.dk\/om-nordicore\/"},"modified":"2025-07-12T22:35:15","modified_gmt":"2025-07-12T22:35:15","slug":"om-nordicore","status":"publish","type":"page","link":"https:\/\/nordicore.dk\/sv\/om-nordicore\/","title":{"rendered":"Om NordiCore"},"content":{"rendered":"\n<div class=\"row align-middle\"  id=\"row-1024879467\">\n\n\n\t<div id=\"col-873731465\" class=\"col medium-7 small-12 large-7\"  >\n\t\t\t\t<div class=\"col-inner\"  >\n\t\t\t\n\t\t\t\n\n\t<div id=\"text-1099843008\" class=\"text\">\n\t\t\n\n<h1 data-start=\"210\" data-end=\"226\">Om NordiCore<\/h1>\n<p data-start=\"228\" data-end=\"425\">NordiCore \u00e4r ett danskt fitnessvarum\u00e4rke som grundades 2021 med ett tydligt uppdrag: <span style=\"color: #333333;\">Att tillhandah\u00e5lla solid och bepr\u00f6vad fitnessutrustning f\u00f6r b\u00e5de privat och professionellt bruk.<\/span> Hos NordiCore \u00e4r du garanterad utrustning som h\u00e5ller, oavsett om den anv\u00e4nds hemma eller i en professionell milj\u00f6.<\/p>\n\t\t\n<style>\n#text-1099843008 {\n  text-align: center;\n}\n<\/style>\n\t<\/div>\n\t\n\n\t\t<\/div>\n\t\t\t\t\t<\/div>\n\n\t\n\n\t<div id=\"col-1640601887\" class=\"col medium-5 small-12 large-5\"  data-animate=\"bounceInRight\">\n\t\t\t\t<div class=\"col-inner\"  >\n\t\t\t\n\t\t\t\n\n\t<div class=\"box has-hover   has-hover box-text-bottom\" >\n\n\t\t<div class=\"box-image\" style=\"border-radius:11%;\">\n\t\t\t\t\t\t<div class=\"\" >\n\t\t\t\t<img loading=\"lazy\" decoding=\"async\" width=\"2000\" height=\"2000\" src=\"https:\/\/nordicore.dk\/wp-content\/uploads\/2025\/05\/5-1.png\" class=\"attachment- size- wvs-archive-product-image\" alt=\"\" srcset=\"https:\/\/nordicore.dk\/wp-content\/uploads\/2025\/05\/5-1.png 2000w, https:\/\/nordicore.dk\/wp-content\/uploads\/2025\/05\/5-1-600x600.png 600w, https:\/\/nordicore.dk\/wp-content\/uploads\/2025\/05\/5-1-1200x1200.png 1200w, https:\/\/nordicore.dk\/wp-content\/uploads\/2025\/05\/5-1-300x300.png 300w, https:\/\/nordicore.dk\/wp-content\/uploads\/2025\/05\/5-1-768x768.png 768w, https:\/\/nordicore.dk\/wp-content\/uploads\/2025\/05\/5-1-1536x1536.png 1536w, https:\/\/nordicore.dk\/wp-content\/uploads\/2025\/05\/5-1-247x247.png 247w, https:\/\/nordicore.dk\/wp-content\/uploads\/2025\/05\/5-1-510x510.png 510w, https:\/\/nordicore.dk\/wp-content\/uploads\/2025\/05\/5-1-100x100.png 100w, https:\/\/nordicore.dk\/wp-content\/uploads\/2025\/05\/5-1-50x50.png 50w\" sizes=\"auto, (max-width: 2000px) 100vw, 2000px\" \/>\t\t\t\t\t\t\t\t\t\t\t<\/div>\n\t\t\t\t\t<\/div>\n\n\t\t<div class=\"box-text text-center\" >\n\t\t\t<div class=\"box-text-inner\">\n\t\t\t\t\n\n<p>NordiCore 600A &#8211; Flygcykel<\/p>\n\n\t\t\t<\/div>\n\t\t<\/div>\n\t<\/div>\n\t\n\n\t\t<\/div>\n\t\t\t\t\n<style>\n#col-1640601887 > .col-inner {\n  padding: 0px 0px 0px 0px;\n}\n<\/style>\n\t<\/div>\n\n\t\n\n<\/div>\n<div class=\"row align-middle\"  id=\"row-1020636256\">\n\n\n\t<div id=\"col-1983377955\" class=\"col medium-5 small-12 large-5\"  data-animate=\"bounceInLeft\">\n\t\t\t\t<div class=\"col-inner\"  >\n\t\t\t\n\t\t\t\n\n\t<div class=\"box has-hover   has-hover box-text-bottom\" >\n\n\t\t<div class=\"box-image\" style=\"border-radius:10%;\">\n\t\t\t\t\t\t<div class=\"\" >\n\t\t\t\t<img loading=\"lazy\" decoding=\"async\" width=\"2000\" height=\"1657\" src=\"https:\/\/nordicore.dk\/wp-content\/uploads\/2025\/05\/All-IN-one-9000x-pro-13-e1746673417974.png\" class=\"attachment- size- wvs-archive-product-image\" alt=\"\" srcset=\"https:\/\/nordicore.dk\/wp-content\/uploads\/2025\/05\/All-IN-one-9000x-pro-13-e1746673417974.png 2000w, https:\/\/nordicore.dk\/wp-content\/uploads\/2025\/05\/All-IN-one-9000x-pro-13-e1746673417974-600x497.png 600w, https:\/\/nordicore.dk\/wp-content\/uploads\/2025\/05\/All-IN-one-9000x-pro-13-e1746673417974-1200x994.png 1200w, https:\/\/nordicore.dk\/wp-content\/uploads\/2025\/05\/All-IN-one-9000x-pro-13-e1746673417974-768x636.png 768w, https:\/\/nordicore.dk\/wp-content\/uploads\/2025\/05\/All-IN-one-9000x-pro-13-e1746673417974-1536x1273.png 1536w, https:\/\/nordicore.dk\/wp-content\/uploads\/2025\/05\/All-IN-one-9000x-pro-13-e1746673417974-510x423.png 510w\" sizes=\"auto, (max-width: 2000px) 100vw, 2000px\" \/>\t\t\t\t\t\t\t\t\t\t\t<\/div>\n\t\t\t\t\t<\/div>\n\n\t\t<div class=\"box-text text-center\" >\n\t\t\t<div class=\"box-text-inner\">\n\t\t\t\t\n\n<p>NordiCore Flow 2 Pro &#8211; Vattenroddmaskin<\/p>\n\n\t\t\t<\/div>\n\t\t<\/div>\n\t<\/div>\n\t\n\n\t\t<\/div>\n\t\t\t\t\t<\/div>\n\n\t\n\n\t<div id=\"col-434782483\" class=\"col medium-7 small-12 large-7\"  >\n\t\t\t\t<div class=\"col-inner\"  >\n\t\t\t\n\t\t\t\n\n\t<div id=\"text-1412454006\" class=\"text\">\n\t\t\n\n<h3 class=\"\" data-start=\"427\" data-end=\"463\">Kvalitetsutrustning du kan lita p\u00e5<\/h3>\n<p class=\"\" data-start=\"465\" data-end=\"860\">V\u00e5ra produkter tillverkas under v\u00e5rt eget varum\u00e4rke i samarbete med noggrant utvalda tillverkare f\u00f6r att s\u00e4kerst\u00e4lla h\u00f6g kvalitet hela v\u00e4gen fr\u00e5n id\u00e9 till f\u00e4rdig produkt. P\u00e5 s\u00e5 s\u00e4tt kan vi h\u00e5lla n\u00e4ra kontakt med produktionen och se till att varje produkt uppfyller v\u00e5ra egna h\u00f6ga krav. <\/p>\n\t\t\n<style>\n#text-1412454006 {\n  text-align: center;\n}\n<\/style>\n\t<\/div>\n\t\n\n\t\t<\/div>\n\t\t\t\t\t<\/div>\n\n\t\n\n<\/div>\n<div class=\"row align-middle align-center\"  id=\"row-1966823774\">\n\n\n\t<div id=\"col-1103765030\" class=\"col medium-7 small-12 large-7\"  >\n\t\t\t\t<div class=\"col-inner\"  >\n\t\t\t\n\t\t\t\n\n\t<div id=\"text-537181761\" class=\"text\">\n\t\t\n\n<h3 data-start=\"862\" data-end=\"1069\">Utrustning f\u00f6r hemmagym och professionellt bruk<\/h3>\n<p class=\"\" data-start=\"862\" data-end=\"1069\">Oavsett om du letar efter utrustning f\u00f6r hemmet, driver ett fitnesscenter, arbetar med rehabilitering eller beh\u00f6ver en komplett f\u00f6retagsl\u00f6sning har vi utrustning som \u00e4r byggd f\u00f6r att anv\u00e4ndas &#8211; varje dag.<\/p>\n<p class=\"\" data-start=\"1214\" data-end=\"1288\"> <\/p>\n\t\t\n<style>\n#text-537181761 {\n  text-align: center;\n}\n<\/style>\n\t<\/div>\n\t\n\n\t\t<\/div>\n\t\t\t\t\t<\/div>\n\n\t\n\n\t<div id=\"col-1105259129\" class=\"col medium-5 small-12 large-5\"  data-animate=\"bounceInRight\">\n\t\t\t\t<div class=\"col-inner\"  >\n\t\t\t\n\t\t\t\n\n\t<div class=\"box has-hover   has-hover box-default box-text-bottom\" >\n\n\t\t<div class=\"box-image\" style=\"border-radius:10%;\">\n\t\t\t\t\t\t<div class=\"\" >\n\t\t\t\t<img loading=\"lazy\" decoding=\"async\" width=\"2000\" height=\"2000\" src=\"https:\/\/nordicore.dk\/wp-content\/uploads\/2025\/05\/1xVaegtstangspude-med-stropper-55.png\" class=\"attachment- size- wvs-archive-product-image\" alt=\"\" srcset=\"https:\/\/nordicore.dk\/wp-content\/uploads\/2025\/05\/1xVaegtstangspude-med-stropper-55.png 2000w, https:\/\/nordicore.dk\/wp-content\/uploads\/2025\/05\/1xVaegtstangspude-med-stropper-55-600x600.png 600w, https:\/\/nordicore.dk\/wp-content\/uploads\/2025\/05\/1xVaegtstangspude-med-stropper-55-1200x1200.png 1200w, https:\/\/nordicore.dk\/wp-content\/uploads\/2025\/05\/1xVaegtstangspude-med-stropper-55-300x300.png 300w, https:\/\/nordicore.dk\/wp-content\/uploads\/2025\/05\/1xVaegtstangspude-med-stropper-55-768x768.png 768w, https:\/\/nordicore.dk\/wp-content\/uploads\/2025\/05\/1xVaegtstangspude-med-stropper-55-1536x1536.png 1536w, https:\/\/nordicore.dk\/wp-content\/uploads\/2025\/05\/1xVaegtstangspude-med-stropper-55-247x247.png 247w, https:\/\/nordicore.dk\/wp-content\/uploads\/2025\/05\/1xVaegtstangspude-med-stropper-55-510x510.png 510w, https:\/\/nordicore.dk\/wp-content\/uploads\/2025\/05\/1xVaegtstangspude-med-stropper-55-100x100.png 100w, https:\/\/nordicore.dk\/wp-content\/uploads\/2025\/05\/1xVaegtstangspude-med-stropper-55-50x50.png 50w\" sizes=\"auto, (max-width: 2000px) 100vw, 2000px\" \/>\t\t\t\t\t\t\t\t\t\t\t<\/div>\n\t\t\t\t\t<\/div>\n\n\t\t<div class=\"box-text text-center\" >\n\t\t\t<div class=\"box-text-inner\">\n\t\t\t\t\n\n<p>NordiCore 6000X &#8211; All-in-One multimaskin<\/p>\n\n\t\t\t<\/div>\n\t\t<\/div>\n\t<\/div>\n\t\n\n\t\t<\/div>\n\t\t\t\t\t<\/div>\n\n\t\n\n<\/div>\n<div class=\"row align-middle\"  id=\"row-197074845\">\n\n\n\t<div id=\"col-681137887\" class=\"col medium-6 small-12 large-6\"  data-animate=\"bounceInLeft\">\n\t\t\t\t<div class=\"col-inner\"  >\n\t\t\t\n\t\t\t\n\n\t<div class=\"box has-hover   has-hover box-text-bottom\" >\n\n\t\t<div class=\"box-image\" >\n\t\t\t\t\t\t<div class=\"\" >\n\t\t\t\t<img loading=\"lazy\" decoding=\"async\" width=\"2000\" height=\"1763\" src=\"https:\/\/nordicore.dk\/wp-content\/uploads\/2025\/05\/1xVaegtstangspude-med-stropper-56-e1746675576806.png\" class=\"attachment- size- wvs-archive-product-image\" alt=\"\" srcset=\"https:\/\/nordicore.dk\/wp-content\/uploads\/2025\/05\/1xVaegtstangspude-med-stropper-56-e1746675576806.png 2000w, https:\/\/nordicore.dk\/wp-content\/uploads\/2025\/05\/1xVaegtstangspude-med-stropper-56-e1746675576806-600x529.png 600w, https:\/\/nordicore.dk\/wp-content\/uploads\/2025\/05\/1xVaegtstangspude-med-stropper-56-e1746675576806-1200x1058.png 1200w, https:\/\/nordicore.dk\/wp-content\/uploads\/2025\/05\/1xVaegtstangspude-med-stropper-56-e1746675576806-768x677.png 768w, https:\/\/nordicore.dk\/wp-content\/uploads\/2025\/05\/1xVaegtstangspude-med-stropper-56-e1746675576806-1536x1354.png 1536w, https:\/\/nordicore.dk\/wp-content\/uploads\/2025\/05\/1xVaegtstangspude-med-stropper-56-e1746675576806-510x450.png 510w\" sizes=\"auto, (max-width: 2000px) 100vw, 2000px\" \/>\t\t\t\t\t\t\t\t\t\t\t<\/div>\n\t\t\t\t\t<\/div>\n\n\t\t<div class=\"box-text text-center\" >\n\t\t\t<div class=\"box-text-inner\">\n\t\t\t\t\n\n<p>NordiCore b\u00e4nkpressupps\u00e4ttning Multi Pro<\/p>\n\n\t\t\t<\/div>\n\t\t<\/div>\n\t<\/div>\n\t\n\n\t\t<\/div>\n\t\t\t\t\t<\/div>\n\n\t\n\n\t<div id=\"col-943344232\" class=\"col medium-6 small-12 large-6\"  >\n\t\t\t\t<div class=\"col-inner\"  >\n\t\t\t\n\t\t\t\n\n\t<div id=\"text-919404082\" class=\"text\">\n\t\t\n\n<h3 data-start=\"62\" data-end=\"81\">Mer \u00e4n utrustning<\/h3>\n<p class=\"\" data-start=\"85\" data-end=\"460\">Vi tror p\u00e5 \u00f6ppenhet, \u00e4rlig v\u00e4gledning och bra utrustning som g\u00f6r skillnad i vardagen. D\u00e4rf\u00f6r har vi ocks\u00e5 en blogg d\u00e4r du kan hitta inspiration och r\u00e5d &#8211; fr\u00e5n skillnaden mellan styrke- och konditionstr\u00e4ning till att v\u00e4lja r\u00e4tt utrustning f\u00f6r dina specifika behov. Framf\u00f6r allt vill vi visa hur effektiv tr\u00e4ning kan vara n\u00e4r utrustningen och v\u00e4gledningen \u00e4r r\u00e4tt.  <\/p>\n\t\t\n<style>\n#text-919404082 {\n  text-align: center;\n}\n<\/style>\n\t<\/div>\n\t\n\n\t\t<\/div>\n\t\t\t\t\t<\/div>\n\n\t\n\n<\/div>\n<div class=\"row\"  id=\"row-655590023\">\n\n\n\t<div id=\"col-1019053264\" class=\"col small-12 large-12\"  >\n\t\t\t\t<div class=\"col-inner\"  >\n\t\t\t\n\t\t\t\n\n\t<div id=\"text-3946370274\" class=\"text\">\n\t\t\n\n<hr class=\"\" data-start=\"97\" data-end=\"100\">\n<h3 data-start=\"1157\" data-end=\"1225\"> <\/h3>\n<h3 data-start=\"1157\" data-end=\"1225\"><strong>H<\/strong><strong>ar du fr\u00e5gor eller vill du ha r\u00e5d om r\u00e4tt utrustning?<\/strong><\/h3>\n<p class=\"\" data-start=\"1227\" data-end=\"1326\">Du \u00e4r alltid v\u00e4lkommen att kontakta oss p\u00e5 <strong data-start=\"1271\" data-end=\"1286\">60 72 77 60<\/strong> eller skriva till <strong data-start=\"1304\" data-end=\"1325\"><a class=\"cursor-pointer\" rel=\"noopener\" data-start=\"1306\" data-end=\"1323\">info@nordicore.dk<\/a><\/strong>.<\/p>\n\t\t\n<style>\n#text-3946370274 {\n  text-align: center;\n}\n<\/style>\n\t<\/div>\n\t\n\n\t\t<\/div>\n\t\t\t\t\t<\/div>\n\n\t\n\n<\/div>\n\n","protected":false},"excerpt":{"rendered":"","protected":false},"author":1,"featured_media":0,"parent":0,"menu_order":0,"comment_status":"closed","ping_status":"closed","template":"","meta":{"footnotes":""},"class_list":["post-2672","page","type-page","status-publish","hentry"],"_links":{"self":[{"href":"https:\/\/nordicore.dk\/sv\/wp-json\/wp\/v2\/pages\/2672","targetHints":{"allow":["GET"]}}],"collection":[{"href":"https:\/\/nordicore.dk\/sv\/wp-json\/wp\/v2\/pages"}],"about":[{"href":"https:\/\/nordicore.dk\/sv\/wp-json\/wp\/v2\/types\/page"}],"author":[{"embeddable":true,"href":"https:\/\/nordicore.dk\/sv\/wp-json\/wp\/v2\/users\/1"}],"replies":[{"embeddable":true,"href":"https:\/\/nordicore.dk\/sv\/wp-json\/wp\/v2\/comments?post=2672"}],"version-history":[{"count":2,"href":"https:\/\/nordicore.dk\/sv\/wp-json\/wp\/v2\/pages\/2672\/revisions"}],"predecessor-version":[{"id":2811,"href":"https:\/\/nordicore.dk\/sv\/wp-json\/wp\/v2\/pages\/2672\/revisions\/2811"}],"wp:attachment":[{"href":"https:\/\/nordicore.dk\/sv\/wp-json\/wp\/v2\/media?parent=2672"}],"curies":[{"name":"wp","href":"https:\/\/api.w.org\/{rel}","templated":true}]}}