{"id":2670,"date":"2025-05-08T04:38:48","date_gmt":"2025-05-08T04:38:48","guid":{"rendered":"https:\/\/nordicore.dk\/betalning-och-finansiering\/"},"modified":"2025-07-12T22:14:13","modified_gmt":"2025-07-12T22:14:13","slug":"betalning-och-finansiering","status":"publish","type":"page","link":"https:\/\/nordicore.dk\/sv\/betalning-och-finansiering\/","title":{"rendered":"Betalning och finansiering"},"content":{"rendered":"\n<h1 data-start=\"126\" data-end=\"153\">Betalning och finansiering<\/h1>\n<p class=\"\" data-start=\"155\" data-end=\"347\">P\u00e5 NordiCore g\u00f6r vi det enkelt och flexibelt att handla. Du v\u00e4ljer hur du vill betala n\u00e4r du checkar ut &#8211; om du f\u00f6redrar att betala direkt eller betala i delbetalningar. <\/p>\n\t<div id=\"gap-802087622\" class=\"gap-element clearfix\" style=\"display:block; height:auto;\">\n\t\t\n<style>\n#gap-802087622 {\n  padding-top: 30px;\n}\n<\/style>\n\t<\/div>\n\t\n\n<div class=\"row\"  id=\"row-1587814549\">\n\n\n\t<div id=\"col-877731303\" class=\"col medium-6 small-12 large-6\"  >\n\t\t\t\t<div class=\"col-inner\"  >\n\t\t\t\n\t\t\t\n\n<h3 class=\"\" data-start=\"349\" data-end=\"361\">Betala med MobilePay eller betalkort<\/h3>\n<p class=\"\" data-start=\"363\" data-end=\"390\">Vi accepterar betalning med:<\/p>\n<ul data-start=\"392\" data-end=\"458\">\n<li class=\"\" data-start=\"392\" data-end=\"409\">\n<p class=\"\" data-start=\"394\" data-end=\"409\"><strong data-start=\"394\" data-end=\"407\">MobilePay<\/strong><\/p>\n<\/li>\n<li class=\"\" data-start=\"410\" data-end=\"458\">\n<p class=\"\" data-start=\"412\" data-end=\"458\"><strong data-start=\"412\" data-end=\"429\">Betalkort<\/strong>: VISA, MasterCard och Dankort<\/p>\n<\/li>\n<\/ul>\n<p class=\"\" data-start=\"460\" data-end=\"568\">Beloppet dras f\u00f6rst n\u00e4r din best\u00e4llning skickas. Alla betalningar sker via s\u00e4kra och krypterade anslutningar. <\/p>\n\n\t\t<\/div>\n\t\t\t\t\t<\/div>\n\n\t\n\n\t<div id=\"col-1692088909\" class=\"col medium-6 small-12 large-6\"  >\n\t\t\t\t<div class=\"col-inner\"  >\n\t\t\t\n\t\t\t\n\n\t<div class=\"box has-hover   has-hover box-none box-text-bottom\" >\n\n\t\t<div class=\"box-image\" style=\"border-radius:5%;\">\n\t\t\t\t\t\t<div class=\"image-cover\" style=\"padding-top:250px;\">\n\t\t\t\t<img loading=\"lazy\" decoding=\"async\" width=\"1445\" height=\"757\" src=\"https:\/\/nordicore.dk\/wp-content\/uploads\/2025\/05\/mobilepay-1.png.webp\" class=\"attachment- size- wvs-archive-product-image\" alt=\"\" srcset=\"https:\/\/nordicore.dk\/wp-content\/uploads\/2025\/05\/mobilepay-1.png.webp 1445w, https:\/\/nordicore.dk\/wp-content\/uploads\/2025\/05\/mobilepay-1.png-600x314.webp 600w, https:\/\/nordicore.dk\/wp-content\/uploads\/2025\/05\/mobilepay-1.png-1200x629.webp 1200w, https:\/\/nordicore.dk\/wp-content\/uploads\/2025\/05\/mobilepay-1.png-768x402.webp 768w, https:\/\/nordicore.dk\/wp-content\/uploads\/2025\/05\/mobilepay-1.png-510x267.webp 510w\" sizes=\"auto, (max-width: 1445px) 100vw, 1445px\" \/>\t\t\t\t\t\t\t\t\t\t\t<\/div>\n\t\t\t\t\t<\/div>\n\n\t\t<div class=\"box-text text-center\" >\n\t\t\t<div class=\"box-text-inner\">\n\t\t\t\t\n\n\n\t\t\t<\/div>\n\t\t<\/div>\n\t<\/div>\n\t\n\n\t\t<\/div>\n\t\t\t\t\t<\/div>\n\n\t\n\n<\/div>\n\t<div id=\"gap-506717584\" class=\"gap-element clearfix\" style=\"display:block; height:auto;\">\n\t\t\n<style>\n#gap-506717584 {\n  padding-top: 30px;\n}\n<\/style>\n\t<\/div>\n\t\n\n<div class=\"row\"  id=\"row-1760026678\">\n\n\n\t<div id=\"col-1077686699\" class=\"col medium-6 small-12 large-6\"  >\n\t\t\t\t<div class=\"col-inner\"  >\n\t\t\t\n\t\t\t\n\n\t<div class=\"box has-hover   has-hover box-none box-text-bottom\" >\n\n\t\t<div class=\"box-image\" style=\"border-radius:6%;\">\n\t\t\t\t\t\t<div class=\"image-cover\" style=\"padding-top:250px;\">\n\t\t\t\t<img loading=\"lazy\" decoding=\"async\" width=\"1259\" height=\"532\" src=\"https:\/\/nordicore.dk\/wp-content\/uploads\/2025\/05\/viabill-logo-purple.png\" class=\"attachment- size- wvs-archive-product-image\" alt=\"\" srcset=\"https:\/\/nordicore.dk\/wp-content\/uploads\/2025\/05\/viabill-logo-purple.png 1259w, https:\/\/nordicore.dk\/wp-content\/uploads\/2025\/05\/viabill-logo-purple-600x254.png 600w, https:\/\/nordicore.dk\/wp-content\/uploads\/2025\/05\/viabill-logo-purple-1200x507.png 1200w, https:\/\/nordicore.dk\/wp-content\/uploads\/2025\/05\/viabill-logo-purple-768x325.png 768w, https:\/\/nordicore.dk\/wp-content\/uploads\/2025\/05\/viabill-logo-purple-510x216.png 510w\" sizes=\"auto, (max-width: 1259px) 100vw, 1259px\" \/>\t\t\t\t\t\t\t\t\t\t\t<\/div>\n\t\t\t\t\t<\/div>\n\n\t\t<div class=\"box-text text-center\" >\n\t\t\t<div class=\"box-text-inner\">\n\t\t\t\t\n\n<h4>ViaBill<\/h4>\n<p>NordiCore finansieringspartner<\/p>\n\n\t\t\t<\/div>\n\t\t<\/div>\n\t<\/div>\n\t\n\n\t\t<\/div>\n\t\t\t\t\t<\/div>\n\n\t\n\n\t<div id=\"col-67365695\" class=\"col medium-6 small-12 large-6\"  >\n\t\t\t\t<div class=\"col-inner\"  >\n\t\t\t\n\t\t\t\n\n<h3 class=\"\" data-start=\"570\" data-end=\"598\">Finansiering med ViaBill<\/h3>\n<p class=\"\" data-start=\"600\" data-end=\"730\">Om du vill dela upp betalningen erbjuder vi finansiering <strong data-start=\"659\" data-end=\"670\">via ViaBill<\/strong> &#8211; upp till 50.000 DKK beroende p\u00e5 ditt kreditgodk\u00e4nnande.<\/p>\n<p class=\"\" data-start=\"732\" data-end=\"752\">Du kan v\u00e4lja mellan:<\/p>\n<ul data-start=\"754\" data-end=\"1033\">\n<li class=\"\" data-start=\"754\" data-end=\"880\">\n<p class=\"\" data-start=\"756\" data-end=\"880\"><strong data-start=\"756\" data-end=\"772\">ViaBill gratis<\/strong>: Upp till 4 m\u00e5nadsbetalningar &#8211; <strong data-start=\"806\" data-end=\"829\">r\u00e4nte- och avgiftsfritt<\/strong> om det \u00e5terbetalas inom 4 m\u00e5nader.<\/p>\n<\/li>\n<li class=\"\" data-start=\"881\" data-end=\"1033\">\n<p class=\"\" data-start=\"883\" data-end=\"1033\"><strong data-start=\"883\" data-end=\"899\">ViaBill Plus<\/strong>: Upp till 24 m\u00e5nadsbetalningar &#8211; kr\u00e4ver en m\u00e5natlig kontoavgift. \u00c4ven <strong data-start=\"971\" data-end=\"994\">r\u00e4nte- och avgiftsfritt<\/strong> om det betalas inom 4 m\u00e5nader. <\/p>\n<\/li>\n<\/ul>\n<p class=\"\" data-start=\"1035\" data-end=\"1155\">Du v\u00e4ljer ViaBill som betalningsmetod direkt i kassan. Observera att du m\u00e5ste vara kreditbeh\u00f6rig f\u00f6r att anv\u00e4nda ViaBill. <\/p>\n<p class=\"\" data-start=\"1157\" data-end=\"1255\">L\u00e4s mer p\u00e5 <a class=\"\" href=\"https:\/\/viabill.com\/dk\/\" target=\"_new\" rel=\"noopener\" data-start=\"1169\" data-end=\"1207\">viabill.com<\/a> eller kontakta deras kundtj\u00e4nst f\u00f6r mer information.<\/p>\n\n\t\t<\/div>\n\t\t\t\t\t<\/div>\n\n\t\n\n<\/div>\n\n","protected":false},"excerpt":{"rendered":"","protected":false},"author":1,"featured_media":0,"parent":0,"menu_order":0,"comment_status":"closed","ping_status":"closed","template":"","meta":{"footnotes":""},"class_list":["post-2670","page","type-page","status-publish","hentry"],"_links":{"self":[{"href":"https:\/\/nordicore.dk\/sv\/wp-json\/wp\/v2\/pages\/2670","targetHints":{"allow":["GET"]}}],"collection":[{"href":"https:\/\/nordicore.dk\/sv\/wp-json\/wp\/v2\/pages"}],"about":[{"href":"https:\/\/nordicore.dk\/sv\/wp-json\/wp\/v2\/types\/page"}],"author":[{"embeddable":true,"href":"https:\/\/nordicore.dk\/sv\/wp-json\/wp\/v2\/users\/1"}],"replies":[{"embeddable":true,"href":"https:\/\/nordicore.dk\/sv\/wp-json\/wp\/v2\/comments?post=2670"}],"version-history":[{"count":2,"href":"https:\/\/nordicore.dk\/sv\/wp-json\/wp\/v2\/pages\/2670\/revisions"}],"predecessor-version":[{"id":2813,"href":"https:\/\/nordicore.dk\/sv\/wp-json\/wp\/v2\/pages\/2670\/revisions\/2813"}],"wp:attachment":[{"href":"https:\/\/nordicore.dk\/sv\/wp-json\/wp\/v2\/media?parent=2670"}],"curies":[{"name":"wp","href":"https:\/\/api.w.org\/{rel}","templated":true}]}}