{"id":2668,"date":"2025-05-06T18:02:49","date_gmt":"2025-05-06T18:02:49","guid":{"rendered":"https:\/\/nordicore.dk\/vanliga-fraagor-och-svar\/"},"modified":"2025-07-12T22:14:41","modified_gmt":"2025-07-12T22:14:41","slug":"vanliga-fraagor-och-svar","status":"publish","type":"page","link":"https:\/\/nordicore.dk\/sv\/vanliga-fraagor-och-svar\/","title":{"rendered":"Vanliga fr\u00e5gor och svar"},"content":{"rendered":"\n\n\t<section class=\"section\" id=\"section_119098173\">\n\t\t<div class=\"section-bg fill\" >\n\t\t\t\t\t\t\t\t\t\n\t\t\t\n\n\t\t<\/div>\n\n\t\t\n\n\t\t<div class=\"section-content relative\">\n\t\t\t\n\n<div class=\"row align-center\"  id=\"row-106413268\">\n\n\n\t<div id=\"col-1274790107\" class=\"col medium-10 small-12 large-8\"  >\n\t\t\t\t<div class=\"col-inner text-center\"  >\n\t\t\t\n\t\t\t\n\n<h1>VANLIGA FR\u00c5GOR<\/h1>\n<p>H\u00e4r hittar du svar p\u00e5 vanliga fr\u00e5gor och funderingar. Hittar du inte svaret p\u00e5 din fr\u00e5ga \u00e4r du alltid v\u00e4lkommen att kontakta oss <a href=\"https:\/\/nordicore.dk\/sv\/?page_id=2660\">h\u00e4r.<\/a> <\/p>\n\n\t\t<\/div>\n\t\t\t\t\n<style>\n#col-1274790107 > .col-inner {\n  margin: 0px 0px -40px 0px;\n}\n<\/style>\n\t<\/div>\n\n\t\n\n<\/div>\n<div class=\"row align-center\"  id=\"row-1213600710\">\n\n\n\t<div id=\"col-1762279001\" class=\"col medium-12 small-12 large-10\"  >\n\t\t\t\t<div class=\"col-inner text-left\"  >\n\t\t\t\n\t\t\t\n\n<div class=\"is-divider divider clearfix\" style=\"margin-top:3em;margin-bottom:3em;max-width:100%;background-color:rgb(9, 14, 29);\"><\/div>\n\n<div class=\"row row-collapse\"  id=\"row-1659734130\">\n\n\n\t<div id=\"col-195766980\" class=\"col medium-12 small-12 large-4\"  >\n\t\t\t\t<div class=\"col-inner\"  >\n\t\t\t\n\t\t\t\n\n\n\t\t<div class=\"icon-box featured-box icon-box-left text-left\"  style=\"margin:0px 0px 30px 0px;\">\n\t\t\t\t\t<div class=\"icon-box-img\" style=\"width: 60px\">\n\t\t\t\t<div class=\"icon\">\n\t\t\t\t\t<div class=\"icon-inner\" >\n\t\t\t\t\t\t<img loading=\"lazy\" decoding=\"async\" width=\"256\" height=\"256\" src=\"https:\/\/nordicore.dk\/wp-content\/uploads\/2025\/05\/shipping-icon-flatelements.png\" class=\"attachment-medium size-medium wvs-archive-product-image\" alt=\"\" srcset=\"https:\/\/nordicore.dk\/wp-content\/uploads\/2025\/05\/shipping-icon-flatelements.png 256w, https:\/\/nordicore.dk\/wp-content\/uploads\/2025\/05\/shipping-icon-flatelements-247x247.png 247w, https:\/\/nordicore.dk\/wp-content\/uploads\/2025\/05\/shipping-icon-flatelements-100x100.png 100w, https:\/\/nordicore.dk\/wp-content\/uploads\/2025\/05\/shipping-icon-flatelements-50x50.png 50w\" sizes=\"auto, (max-width: 256px) 100vw, 256px\" \/>\t\t\t\t\t<\/div>\n\t\t\t\t<\/div>\n\t\t\t<\/div>\n\t\t\t\t<div class=\"icon-box-text last-reset\">\n\t\t\t\t\t\t\t\t\t\n\n<h3>Leverans<\/h3>\n\n\t\t<\/div>\n\t<\/div>\n\t\n\t\n\n\t\t<\/div>\n\t\t\t\t\t<\/div>\n\n\t\n\n\t<div id=\"col-595443490\" class=\"col medium-12 small-12 large-8\"  >\n\t\t\t\t<div class=\"col-inner text-left\"  >\n\t\t\t\n\t\t\t\n\n<div class=\"accordion\">\n\n\t<div id=\"accordion-4005132125\" class=\"accordion-item\">\n\t\t<a id=\"accordion-4005132125-label\" class=\"accordion-title plain\" href=\"#accordion-item-hur-l\u00e5ng-\u00e4r-leveranstiden?\" aria-expanded=\"false\" aria-controls=\"accordion-4005132125-content\">\n\t\t\t<button class=\"toggle\" aria-label=\"Toggle\"><i class=\"icon-angle-down\" aria-hidden=\"true\"><\/i><\/button>\n\t\t\t<span>Hur l\u00e5ng \u00e4r leveranstiden?<\/span>\n\t\t<\/a>\n\t\t<div id=\"accordion-4005132125-content\" class=\"accordion-inner\" aria-labelledby=\"accordion-4005132125-label\">\n\t\t\t\n\n<p>Vi levererar din order inom 1-3 arbetsdagar f\u00f6r mindre paket och 2-5 arbetsdagar f\u00f6r st\u00f6rre f\u00f6rs\u00e4ndelser. Den exakta leveranstiden visas alltid i kassan. <\/p>\n\n\t\t<\/div>\n\t<\/div>\n\t\n\t<div id=\"accordion-265745686\" class=\"accordion-item\">\n\t\t<a id=\"accordion-265745686-label\" class=\"accordion-title plain\" href=\"#accordion-item-hur-kommer-min-best\u00e4llning-att-levereras?\" aria-expanded=\"false\" aria-controls=\"accordion-265745686-content\">\n\t\t\t<button class=\"toggle\" aria-label=\"Toggle\"><i class=\"icon-angle-down\" aria-hidden=\"true\"><\/i><\/button>\n\t\t\t<span>Hur kommer min best\u00e4llning att levereras?<\/span>\n\t\t<\/a>\n\t\t<div id=\"accordion-265745686-content\" class=\"accordion-inner\" aria-labelledby=\"accordion-265745686-label\">\n\t\t\t\n\n<p class=\"\" data-start=\"59\" data-end=\"352\">Din best\u00e4llning levereras antingen av brevb\u00e4rare eller bud &#8211; beroende p\u00e5 storlek. Om din best\u00e4llning \u00e4r stor levereras den som ett eller flera paket p\u00e5 en pall till trottoarkant. Det inneb\u00e4r att leveransen sker till n\u00e4rmaste tillg\u00e4ngliga plats p\u00e5 din adress, men inte b\u00e4rs in.  <\/p>\n\n\t\t<\/div>\n\t<\/div>\n\t\n\t<div id=\"accordion-2669582366\" class=\"accordion-item\">\n\t\t<a id=\"accordion-2669582366-label\" class=\"accordion-title plain\" href=\"#accordion-item-kan-jag-h\u00e4mta-min-best\u00e4llning-hos-er?\" aria-expanded=\"false\" aria-controls=\"accordion-2669582366-content\">\n\t\t\t<button class=\"toggle\" aria-label=\"Toggle\"><i class=\"icon-angle-down\" aria-hidden=\"true\"><\/i><\/button>\n\t\t\t<span>Kan jag h\u00e4mta min best\u00e4llning hos er?<\/span>\n\t\t<\/a>\n\t\t<div id=\"accordion-2669582366-content\" class=\"accordion-inner\" aria-labelledby=\"accordion-2669582366-label\">\n\t\t\t\n\n<p>Ja, men endast efter \u00f6verenskommelse. V\u00e5rt lager ligger i Hvidovre, kontakta oss f\u00f6r mer information. <\/p>\n\n\t\t<\/div>\n\t<\/div>\n\t\n\t<div id=\"accordion-3764250487\" class=\"accordion-item\">\n\t\t<a id=\"accordion-3764250487-label\" class=\"accordion-title plain\" href=\"#accordion-item-kan-jag-sp\u00e5ra-leveransen-av-mitt-paket?\" aria-expanded=\"false\" aria-controls=\"accordion-3764250487-content\">\n\t\t\t<button class=\"toggle\" aria-label=\"Toggle\"><i class=\"icon-angle-down\" aria-hidden=\"true\"><\/i><\/button>\n\t\t\t<span>Kan jag sp\u00e5ra leveransen av mitt paket?<\/span>\n\t\t<\/a>\n\t\t<div id=\"accordion-3764250487-content\" class=\"accordion-inner\" aria-labelledby=\"accordion-3764250487-label\">\n\t\t\t\n\n<p class=\"\" data-start=\"63\" data-end=\"218\">Ja, s\u00e5 snart din best\u00e4llning har skickats kommer du att f\u00e5 ett e-postmeddelande med information om hur du sp\u00e5rar din f\u00f6rs\u00e4ndelse.<\/p>\n\n\t\t<\/div>\n\t<\/div>\n\t\n\t<div id=\"accordion-414688013\" class=\"accordion-item\">\n\t\t<a id=\"accordion-414688013-label\" class=\"accordion-title plain\" href=\"#accordion-item-hur-\u00e4ndrar-jag-min-best\u00e4llning?\" aria-expanded=\"false\" aria-controls=\"accordion-414688013-content\">\n\t\t\t<button class=\"toggle\" aria-label=\"Toggle\"><i class=\"icon-angle-down\" aria-hidden=\"true\"><\/i><\/button>\n\t\t\t<span>Hur \u00e4ndrar jag min best\u00e4llning?<\/span>\n\t\t<\/a>\n\t\t<div id=\"accordion-414688013-content\" class=\"accordion-inner\" aria-labelledby=\"accordion-414688013-label\">\n\t\t\t\n\n<p>Om du vill \u00e4ndra leveransinformation eller n\u00e5got annat efter att du har lagt en order, v\u00e4nligen kontakta oss p\u00e5 <a href=\"mailto:info@nordicore.dk\">info@nordicore.dk<\/a><\/p>\n\n\t\t<\/div>\n\t<\/div>\n\t\n\n<\/div>\n\n\t\t<\/div>\n\t\t\t\t\t<\/div>\n\n\t\n\n<\/div>\n<div class=\"is-divider divider clearfix\" style=\"margin-top:3em;margin-bottom:3em;max-width:100%;background-color:rgb(9, 14, 29);\"><\/div>\n\n<div class=\"row row-collapse\"  id=\"row-104175031\">\n\n\n\t<div id=\"col-1318285916\" class=\"col medium-12 small-12 large-4\"  >\n\t\t\t\t<div class=\"col-inner\"  >\n\t\t\t\n\t\t\t\n\n\n\t\t<div class=\"icon-box featured-box icon-box-left text-left\"  style=\"margin:0px 0px 30px 0px;\">\n\t\t\t\t\t<div class=\"icon-box-img\" style=\"width: 60px\">\n\t\t\t\t<div class=\"icon\">\n\t\t\t\t\t<div class=\"icon-inner\" >\n\t\t\t\t\t\t<img loading=\"lazy\" decoding=\"async\" width=\"256\" height=\"256\" src=\"https:\/\/nordicore.dk\/wp-content\/uploads\/2025\/05\/payment-icon-flatelements.png\" class=\"attachment-medium size-medium wvs-archive-product-image\" alt=\"\" srcset=\"https:\/\/nordicore.dk\/wp-content\/uploads\/2025\/05\/payment-icon-flatelements.png 256w, https:\/\/nordicore.dk\/wp-content\/uploads\/2025\/05\/payment-icon-flatelements-247x247.png 247w, https:\/\/nordicore.dk\/wp-content\/uploads\/2025\/05\/payment-icon-flatelements-100x100.png 100w, https:\/\/nordicore.dk\/wp-content\/uploads\/2025\/05\/payment-icon-flatelements-50x50.png 50w\" sizes=\"auto, (max-width: 256px) 100vw, 256px\" \/>\t\t\t\t\t<\/div>\n\t\t\t\t<\/div>\n\t\t\t<\/div>\n\t\t\t\t<div class=\"icon-box-text last-reset\">\n\t\t\t\t\t\t\t\t\t\n\n<h3>Betalningsalternativ<\/h3>\n\n\t\t<\/div>\n\t<\/div>\n\t\n\t\n\n\t\t<\/div>\n\t\t\t\t\t<\/div>\n\n\t\n\n\t<div id=\"col-551108327\" class=\"col medium-12 small-12 large-8\"  >\n\t\t\t\t<div class=\"col-inner text-left\"  >\n\t\t\t\n\t\t\t\n\n<div class=\"accordion\">\n\n\t<div id=\"accordion-2859241206\" class=\"accordion-item\">\n\t\t<a id=\"accordion-2859241206-label\" class=\"accordion-title plain\" href=\"#accordion-item-vilka-betalningsalternativ-har-du?\" aria-expanded=\"false\" aria-controls=\"accordion-2859241206-content\">\n\t\t\t<button class=\"toggle\" aria-label=\"Toggle\"><i class=\"icon-angle-down\" aria-hidden=\"true\"><\/i><\/button>\n\t\t\t<span>Vilka betalningsalternativ har du?<\/span>\n\t\t<\/a>\n\t\t<div id=\"accordion-2859241206-content\" class=\"accordion-inner\" aria-labelledby=\"accordion-2859241206-label\">\n\t\t\t\n\n<p class=\"\" data-start=\"60\" data-end=\"215\">P\u00e5 NordiCore.dk kan du betala med kreditkort (VISA, MasterCard eller Dankort), MobilePay eller v\u00e4lja ViaBill om du vill dela upp betalningen.<\/p>\n<div class=\"accordion\">\n<div id=\"accordion-3164947383\" class=\"accordion-item\">\n<div id=\"accordion-3164947383-content\" class=\"accordion-inner\" aria-labelledby=\"accordion-3164947383-label\">\n<p>P\u00e5 NordiCore.dk kan du v\u00e4lja mellan att betala med kreditkort (VISA \/ MasterCard \/ Dankort), MobilePay eller ViaBill f\u00f6r att finansiera ditt k\u00f6p.<\/p>\n<\/div>\n<\/div>\n<\/div>\n\n\t\t<\/div>\n\t<\/div>\n\t\n\t<div id=\"accordion-3651073628\" class=\"accordion-item\">\n\t\t<a id=\"accordion-3651073628-label\" class=\"accordion-title plain\" href=\"#accordion-item-hur-mycket-kan-jag-finansiera?\" aria-expanded=\"false\" aria-controls=\"accordion-3651073628-content\">\n\t\t\t<button class=\"toggle\" aria-label=\"Toggle\"><i class=\"icon-angle-down\" aria-hidden=\"true\"><\/i><\/button>\n\t\t\t<span>Hur mycket kan jag finansiera?<\/span>\n\t\t<\/a>\n\t\t<div id=\"accordion-3651073628-content\" class=\"accordion-inner\" aria-labelledby=\"accordion-3651073628-label\">\n\t\t\t\n\n<p class=\"\" data-start=\"60\" data-end=\"215\">Du kan f\u00e5 finansiering upp till 50.000 DKK beroende p\u00e5 ditt kreditgodk\u00e4nnande genom v\u00e5r finansieringspartner ViaBill.<br data-start=\"211\" data-end=\"214\">L\u00e4s mer <a href=\"https:\/\/nordicore.dk\/sv\/betalning-och-finansiering\/\">h\u00e4r<\/a>.<\/p>\n\n\t\t<\/div>\n\t<\/div>\n\t\n\n<\/div>\n\n\t\t<\/div>\n\t\t\t\t\t<\/div>\n\n\t\n\n<\/div>\n<div class=\"is-divider divider clearfix\" style=\"margin-top:3em;margin-bottom:3em;max-width:100%;background-color:rgb(9, 14, 29);\"><\/div>\n\n<div class=\"row row-collapse\"  id=\"row-350919262\">\n\n\n\t<div id=\"col-1882401199\" class=\"col medium-12 small-12 large-4\"  >\n\t\t\t\t<div class=\"col-inner\"  >\n\t\t\t\n\t\t\t\n\n\n\t\t<div class=\"icon-box featured-box icon-box-left text-left\"  style=\"margin:0px 0px 30px 0px;\">\n\t\t\t\t\t<div class=\"icon-box-img\" style=\"width: 60px\">\n\t\t\t\t<div class=\"icon\">\n\t\t\t\t\t<div class=\"icon-inner\" >\n\t\t\t\t\t\t<img loading=\"lazy\" decoding=\"async\" width=\"256\" height=\"256\" src=\"https:\/\/nordicore.dk\/wp-content\/uploads\/2025\/05\/returns-icon-flatelements.png\" class=\"attachment-medium size-medium wvs-archive-product-image\" alt=\"\" srcset=\"https:\/\/nordicore.dk\/wp-content\/uploads\/2025\/05\/returns-icon-flatelements.png 256w, https:\/\/nordicore.dk\/wp-content\/uploads\/2025\/05\/returns-icon-flatelements-247x247.png 247w, https:\/\/nordicore.dk\/wp-content\/uploads\/2025\/05\/returns-icon-flatelements-100x100.png 100w, https:\/\/nordicore.dk\/wp-content\/uploads\/2025\/05\/returns-icon-flatelements-50x50.png 50w\" sizes=\"auto, (max-width: 256px) 100vw, 256px\" \/>\t\t\t\t\t<\/div>\n\t\t\t\t<\/div>\n\t\t\t<\/div>\n\t\t\t\t<div class=\"icon-box-text last-reset\">\n\t\t\t\t\t\t\t\t\t\n\n<h3>Returnerar<\/h3>\n\n\t\t<\/div>\n\t<\/div>\n\t\n\t\n\n\t\t<\/div>\n\t\t\t\t\t<\/div>\n\n\t\n\n\t<div id=\"col-1179647175\" class=\"col medium-12 small-12 large-8\"  >\n\t\t\t\t<div class=\"col-inner text-left\"  >\n\t\t\t\n\t\t\t\n\n<div class=\"accordion\">\n\n\t<div id=\"accordion-2178810103\" class=\"accordion-item\">\n\t\t<a id=\"accordion-2178810103-label\" class=\"accordion-title plain\" href=\"#accordion-item-vad-\u00e4r-er-returpolicy?\" aria-expanded=\"false\" aria-controls=\"accordion-2178810103-content\">\n\t\t\t<button class=\"toggle\" aria-label=\"Toggle\"><i class=\"icon-angle-down\" aria-hidden=\"true\"><\/i><\/button>\n\t\t\t<span>Vad \u00e4r er returpolicy?<\/span>\n\t\t<\/a>\n\t\t<div id=\"accordion-2178810103-content\" class=\"accordion-inner\" aria-labelledby=\"accordion-2178810103-label\">\n\t\t\t\n\n<p>Vi erbjuder 14 dagars lagstadgad \u00e5ngerr\u00e4tt och 100 dagars f\u00f6rl\u00e4ngd returr\u00e4tt.<br data-start=\"215\" data-end=\"218\">F\u00f6r att returnera en order, v\u00e4nligen kontakta oss<a class=\"cursor-pointer\" rel=\"noopener\" data-start=\"269\" data-end=\"286\">p\u00e5<\/a> info@nordicore.dk &#8211; s\u00e5 hj\u00e4lper vi dig vidare.<br data-start=\"313\" data-end=\"316\">Du kan l\u00e4sa mer om v\u00e5r returpolicy <a class=\"\" href=\"#\" rel=\"noopener\" data-start=\"355\" data-end=\"363\">h\u00e4r<\/a>.<\/p>\n\n\t\t<\/div>\n\t<\/div>\n\t\n\t<div id=\"accordion-4268675582\" class=\"accordion-item\">\n\t\t<a id=\"accordion-4268675582-label\" class=\"accordion-title plain\" href=\"#accordion-item-vad-\u00e4r-er-policy-f\u00f6r-klagom\u00e5l?\" aria-expanded=\"false\" aria-controls=\"accordion-4268675582-content\">\n\t\t\t<button class=\"toggle\" aria-label=\"Toggle\"><i class=\"icon-angle-down\" aria-hidden=\"true\"><\/i><\/button>\n\t\t\t<span>Vad \u00e4r er policy f\u00f6r klagom\u00e5l?<\/span>\n\t\t<\/a>\n\t\t<div id=\"accordion-4268675582-content\" class=\"accordion-inner\" aria-labelledby=\"accordion-4268675582-label\">\n\t\t\t\n\n<p>Om du upplever fel eller brister p\u00e5 din produkt i upp till 2 \u00e5r fr\u00e5n ink\u00f6psdatum kan du reklamera genom att kontakta oss p\u00e5 <a class=\"cursor-pointer\" href=\"mailto:info@nordicore.dk\" rel=\"noopener\" data-start=\"238\" data-end=\"255\">info@nordicore.dk.<\/a> Vi f\u00f6ljer g\u00e4llande regler f\u00f6r reklamationer och v\u00e5r kundtj\u00e4nst guidar dig genom processen.<br data-start=\"357\" data-end=\"360\">Du kan l\u00e4sa mer om v\u00e5r reklamationspolicy <a href=\"https:\/\/nordicore.dk\/sv\/klagomaal\/\">h\u00e4r<\/a>. <\/p>\n\n\t\t<\/div>\n\t<\/div>\n\t\n\n<\/div>\n\n\t\t<\/div>\n\t\t\t\t\t<\/div>\n\n\t\n\n<\/div>\n\t<div id=\"gap-1572272360\" class=\"gap-element clearfix\" style=\"display:block; height:auto;\">\n\t\t\n<style>\n#gap-1572272360 {\n  padding-top: 60px;\n}\n<\/style>\n\t<\/div>\n\t\n\n<div class=\"row align-center\"  id=\"row-1841274942\">\n\n\n\t<div id=\"col-1352101700\" class=\"col small-12 large-12\"  >\n\t\t\t\t<div class=\"col-inner text-center\" style=\"background-color:rgb(244, 244, 244);\" >\n\t\t\t\n\t\t\t\n\n<h3>Hittade du inte svaret p\u00e5 din fr\u00e5ga?<\/h3>\n<p>H\u00f6r av dig till oss, vi hj\u00e4lper g\u00e4rna till.<\/p>\n<a href=\"https:\/\/nordicore.dk\/sv\/?page_id=2660\" class=\"button primary reveal-icon\" >\n\t\t<span>cONTACT<\/span>\n\t<i class=\"icon-angle-right\" aria-hidden=\"true\"><\/i><\/a>\n\n\n\n\t\t<\/div>\n\t\t\t\t\t<\/div>\n\n\t\n\n\n<style>\n#row-1841274942 > .col > .col-inner {\n  padding: 40px 20px 40px 20px;\n  background-color: rgb(244, 244, 244);\n}\n@media (min-width:550px) {\n  #row-1841274942 > .col > .col-inner {\n    padding: 40px 40px 40px 40px;\n  }\n}\n<\/style>\n<\/div>\n\n\t\t<\/div>\n\t\t\t\t\t<\/div>\n\n\t\n\n<\/div>\n\n\t\t<\/div>\n\n\t\t\n<style>\n#section_119098173 {\n  padding-top: 60px;\n  padding-bottom: 60px;\n}\n<\/style>\n\t<\/section>\n\t\n\n","protected":false},"excerpt":{"rendered":"","protected":false},"author":1,"featured_media":0,"parent":0,"menu_order":0,"comment_status":"closed","ping_status":"closed","template":"","meta":{"footnotes":""},"class_list":["post-2668","page","type-page","status-publish","hentry"],"_links":{"self":[{"href":"https:\/\/nordicore.dk\/sv\/wp-json\/wp\/v2\/pages\/2668","targetHints":{"allow":["GET"]}}],"collection":[{"href":"https:\/\/nordicore.dk\/sv\/wp-json\/wp\/v2\/pages"}],"about":[{"href":"https:\/\/nordicore.dk\/sv\/wp-json\/wp\/v2\/types\/page"}],"author":[{"embeddable":true,"href":"https:\/\/nordicore.dk\/sv\/wp-json\/wp\/v2\/users\/1"}],"replies":[{"embeddable":true,"href":"https:\/\/nordicore.dk\/sv\/wp-json\/wp\/v2\/comments?post=2668"}],"version-history":[{"count":3,"href":"https:\/\/nordicore.dk\/sv\/wp-json\/wp\/v2\/pages\/2668\/revisions"}],"predecessor-version":[{"id":2824,"href":"https:\/\/nordicore.dk\/sv\/wp-json\/wp\/v2\/pages\/2668\/revisions\/2824"}],"wp:attachment":[{"href":"https:\/\/nordicore.dk\/sv\/wp-json\/wp\/v2\/media?parent=2668"}],"curies":[{"name":"wp","href":"https:\/\/api.w.org\/{rel}","templated":true}]}}