{"id":2666,"date":"2025-05-08T15:56:22","date_gmt":"2025-05-08T15:56:22","guid":{"rendered":"https:\/\/nordicore.dk\/policy-foer-cookies\/"},"modified":"2025-07-12T22:14:09","modified_gmt":"2025-07-12T22:14:09","slug":"policy-foer-cookies","status":"publish","type":"page","link":"https:\/\/nordicore.dk\/sv\/policy-foer-cookies\/","title":{"rendered":"Policy f\u00f6r cookies"},"content":{"rendered":"\n<h2 class=\"\" data-start=\"104\" data-end=\"120\">Policy f\u00f6r cookies<\/h2>\n<p class=\"\" data-start=\"122\" data-end=\"293\">N\u00e4r du bes\u00f6ker nordicore.dk samlar vi in information om dig med hj\u00e4lp av cookies. Dessa anv\u00e4nds f\u00f6r att f\u00f6rb\u00e4ttra din upplevelse, analysera trafik och visa relevanta annonser. <\/p>\n<h3 class=\"\" data-start=\"295\" data-end=\"315\">Vad \u00e4r cookies?<\/h3>\n<p class=\"\" data-start=\"317\" data-end=\"626\">En cookie \u00e4r en liten textfil som lagras p\u00e5 din dator, mobiltelefon eller annan enhet. Den g\u00f6r det m\u00f6jligt f\u00f6r webbplatsen att k\u00e4nna igen din enhet, komma ih\u00e5g dina inst\u00e4llningar och samla in data f\u00f6r statistik- och marknadsf\u00f6rings\u00e4ndam\u00e5l. Cookies \u00e4r inte skadliga och kan inte inneh\u00e5lla virus eller skadlig kod.  <\/p>\n<h3 class=\"\" data-start=\"628\" data-end=\"657\">Hur vi anv\u00e4nder cookies<\/h3>\n<p class=\"\" data-start=\"659\" data-end=\"699\">Vi anv\u00e4nder cookies f\u00f6r f\u00f6ljande \u00e4ndam\u00e5l:<\/p>\n<ul data-start=\"701\" data-end=\"997\">\n<li class=\"\" data-start=\"701\" data-end=\"794\">\n<p class=\"\" data-start=\"703\" data-end=\"794\"><strong data-start=\"703\" data-end=\"721\">Funktionalitet<\/strong> &#8211; f\u00f6r att komma ih\u00e5g dina preferenser och val (t.ex. spr\u00e5k eller varukorg)<\/p>\n<\/li>\n<li class=\"\" data-start=\"795\" data-end=\"902\">\n<p class=\"\" data-start=\"797\" data-end=\"902\"><strong data-start=\"797\" data-end=\"810\">Statistik<\/strong> &#8211; f\u00f6r att analysera hur v\u00e5r webbplats anv\u00e4nds s\u00e5 att vi kan f\u00f6rb\u00e4ttra anv\u00e4ndarupplevelsen<\/p>\n<\/li>\n<li class=\"\" data-start=\"903\" data-end=\"997\">\n<p class=\"\" data-start=\"905\" data-end=\"997\"><strong data-start=\"905\" data-end=\"918\">Marknadsf\u00f6ring<\/strong> &#8211; f\u00f6r att visa relevanta annonser baserat p\u00e5 dina intressen och tidigare bes\u00f6k<\/p>\n<\/li>\n<\/ul>\n<h3 class=\"\" data-start=\"999\" data-end=\"1021\">Cookies fr\u00e5n tredje part<\/h3>\n<p class=\"\" data-start=\"1023\" data-end=\"1157\">Vi anv\u00e4nder ocks\u00e5 cookies fr\u00e5n tredje part, t.ex. Google Analytics och Meta (Facebook), som hj\u00e4lper oss med statistik och annonsering. <\/p>\n<h3 class=\"\" data-start=\"1159\" data-end=\"1200\">Hur du undviker eller tar bort cookies<\/h3>\n<p class=\"\" data-start=\"1202\" data-end=\"1418\">Du kan n\u00e4r som helst radera eller blockera cookies p\u00e5 din enhet. Hur du g\u00f6r detta beror p\u00e5 din webbl\u00e4sare &#8211; se instruktioner h\u00e4r: <a class=\"\" href=\"http:\/\/minecookies.org\/cookiehandtering\" target=\"_new\" rel=\"noopener\" data-start=\"1343\" data-end=\"1418\">minecookies.org\/cookiehandling<\/a> <\/p>\n<p class=\"\" data-start=\"1420\" data-end=\"1602\">Observera att om du blockerar cookies kan det h\u00e4nda att webbplatsen inte fungerar som den ska. Vissa funktioner kan bli otillg\u00e4ngliga och annonseringen kan bli mindre relevant f\u00f6r dig. <\/p>\n<h3 class=\"\" data-start=\"1604\" data-end=\"1615\">Kontakta oss<\/h3>\n<p class=\"\" data-start=\"1617\" data-end=\"1745\">Om du har n\u00e5gra fr\u00e5gor om v\u00e5r anv\u00e4ndning av cookies \u00e4r du v\u00e4lkommen att kontakta oss p\u00e5 <a class=\"cursor-pointer\" rel=\"noopener\" data-start=\"1699\" data-end=\"1744\">info@nordicore.dk.<\/a><\/p>\n\n","protected":false},"excerpt":{"rendered":"","protected":false},"author":1,"featured_media":0,"parent":0,"menu_order":0,"comment_status":"closed","ping_status":"closed","template":"","meta":{"footnotes":""},"class_list":["post-2666","page","type-page","status-publish","hentry"],"_links":{"self":[{"href":"https:\/\/nordicore.dk\/sv\/wp-json\/wp\/v2\/pages\/2666","targetHints":{"allow":["GET"]}}],"collection":[{"href":"https:\/\/nordicore.dk\/sv\/wp-json\/wp\/v2\/pages"}],"about":[{"href":"https:\/\/nordicore.dk\/sv\/wp-json\/wp\/v2\/types\/page"}],"author":[{"embeddable":true,"href":"https:\/\/nordicore.dk\/sv\/wp-json\/wp\/v2\/users\/1"}],"replies":[{"embeddable":true,"href":"https:\/\/nordicore.dk\/sv\/wp-json\/wp\/v2\/comments?post=2666"}],"version-history":[{"count":2,"href":"https:\/\/nordicore.dk\/sv\/wp-json\/wp\/v2\/pages\/2666\/revisions"}],"predecessor-version":[{"id":2809,"href":"https:\/\/nordicore.dk\/sv\/wp-json\/wp\/v2\/pages\/2666\/revisions\/2809"}],"wp:attachment":[{"href":"https:\/\/nordicore.dk\/sv\/wp-json\/wp\/v2\/media?parent=2666"}],"curies":[{"name":"wp","href":"https:\/\/api.w.org\/{rel}","templated":true}]}}