{"id":2661,"date":"2025-05-06T18:32:04","date_gmt":"2025-05-06T18:32:04","guid":{"rendered":"https:\/\/nordicore.dk\/raett-till-aaterlaemnande\/"},"modified":"2025-07-12T22:14:20","modified_gmt":"2025-07-12T22:14:20","slug":"raett-till-aaterlaemnande","status":"publish","type":"page","link":"https:\/\/nordicore.dk\/sv\/raett-till-aaterlaemnande\/","title":{"rendered":"R\u00e4tt till \u00e5terl\u00e4mnande"},"content":{"rendered":"\n<div class=\"row\"  id=\"row-1709124036\">\n\n\n\t<div id=\"col-722382229\" class=\"col medium-7 small-12 large-7\"  >\n\t\t\t\t<div class=\"col-inner\"  >\n\t\t\t\n\t\t\t\n\n\t<div id=\"text-4080885397\" class=\"text\">\n\t\t\n\n<h2 class=\"\" data-start=\"163\" data-end=\"174\">R\u00e4tt till \u00e5terl\u00e4mnande<\/h2>\n<p class=\"\" data-start=\"176\" data-end=\"327\">Hos NordiCore har du alltid 14 dagars lagstadgad \u00e5ngerr\u00e4tt &#8211; och dessutom erbjuder vi hela 100 dagars returr\u00e4tt, s\u00e5 att du kan handla i lugn och ro.<\/p>\n<h3 class=\"\" data-start=\"334\" data-end=\"362\">14 dagars \u00e5ngerr\u00e4tt<\/h3>\n<p class=\"\" data-start=\"364\" data-end=\"560\">Du har r\u00e4tt att \u00e5ngra ditt k\u00f6p inom 14 dagar fr\u00e5n mottagandet. Under denna period kan varan testas som om du h\u00f6ll den i en fysisk butik &#8211; men inte faktiskt anv\u00e4ndas. <\/p>\n<p class=\"\" data-start=\"562\" data-end=\"746\">F\u00f6r best\u00e4llningar med flera varor som levereras var f\u00f6r sig b\u00f6rjar \u00e5ngerfristen l\u00f6pa den dag du tar emot den sista varan. F\u00f6r kontinuerliga leveranser b\u00f6rjar \u00e5ngerfristen l\u00f6pa fr\u00e5n och med den f\u00f6rsta leveransen. <\/p>\n<p class=\"\" data-start=\"748\" data-end=\"1029\">Om du vill \u00e5ngra ditt k\u00f6p m\u00e5ste du meddela oss detta inom 14 dagar fr\u00e5n mottagandet genom att kontakta oss p\u00e5 <strong data-start=\"857\" data-end=\"878\"><a class=\"cursor-pointer\" rel=\"noopener\" data-start=\"859\" data-end=\"876\">info@nordicore.dk<\/a><\/strong>. Du har sedan ytterligare 14 dagar p\u00e5 dig att returnera varan. Du kan ocks\u00e5 anv\u00e4nda standardformul\u00e4ret f\u00f6r avbest\u00e4llning, som du hittar i v\u00e5ra allm\u00e4nna villkor.  <\/p>\n<p class=\"\" data-start=\"1031\" data-end=\"1140\">Observera att det inte r\u00e4cker att v\u00e4gra ta emot varan, utan du m\u00e5ste aktivt informera oss om att du vill \u00e5ngra dig.<\/p>\n<h3 class=\"\" data-start=\"1147\" data-end=\"1185\">Ut\u00f6kad returpolicy (upp till 100 dagar)<\/h3>\n<p class=\"\" data-start=\"1187\" data-end=\"1305\">Mellan dag 15 och dag 100 kan du fortfarande returnera varan f\u00f6rutsatt att den \u00e4r oanv\u00e4nd och i o\u00f6ppnad originalf\u00f6rpackning.<\/p>\n<h3 class=\"\" data-start=\"1312\" data-end=\"1344\">Varans skick vid \u00e5terl\u00e4mnandet<\/h3>\n<ul data-start=\"1346\" data-end=\"1622\">\n<li class=\"\" data-start=\"1346\" data-end=\"1512\">\n<p class=\"\" data-start=\"1348\" data-end=\"1512\"><strong data-start=\"1348\" data-end=\"1370\">Inom 14 dagar:<\/strong> Varan ska ha testats men inte anv\u00e4nts. Returneras i originalf\u00f6rpackning. Avsaknad av f\u00f6rpackning kan leda till v\u00e4rdef\u00f6rlust.  <\/p>\n<\/li>\n<li class=\"\" data-start=\"1513\" data-end=\"1622\">\n<p class=\"\" data-start=\"1515\" data-end=\"1622\"><strong data-start=\"1515\" data-end=\"1551\">Efter 14 dagar och fram till dag 100:<\/strong> Varan m\u00e5ste vara helt oanv\u00e4nd och f\u00f6rpackningen m\u00e5ste vara o\u00f6ppnad.<\/p>\n<\/li>\n<\/ul>\n<h3 class=\"\" data-start=\"1629\" data-end=\"1650\">Hur kan produkten testas?<\/h3>\n<p class=\"\" data-start=\"1652\" data-end=\"1929\">Du m\u00e5ste unders\u00f6ka varan som du skulle g\u00f6ra i en fysisk butik, dvs. packa upp den och kontrollera funktion och kvalitet. Anv\u00e4ndning ut\u00f6ver normal testning kan leda till v\u00e4rdeminskning och vi f\u00f6rbeh\u00e5ller oss r\u00e4tten att endast \u00e5terbetala en del av beloppet &#8211; eller i vissa fall v\u00e4gra \u00e5terbetalning. <\/p>\n<h3 class=\"\" data-start=\"1936\" data-end=\"1972\">Returer och fraktkostnader<\/h3>\n<p class=\"\" data-start=\"1974\" data-end=\"2130\">Du betalar sj\u00e4lv f\u00f6r returfrakten. Vi rekommenderar att du skickar paketet med sp\u00e5rning, eftersom du \u00e4r ansvarig f\u00f6r eventuella skador eller f\u00f6rluster under returtransporten. <\/p>\n<p class=\"\" data-start=\"2132\" data-end=\"2196\">Vi tar inte emot paket som skickas obest\u00e4llda eller mot postf\u00f6rskott.<\/p>\n<p class=\"\" data-start=\"2198\" data-end=\"2344\">Vid retur av st\u00f6rre varor &#8211; t.ex. tr\u00e4ningsmaskiner &#8211; kan fraktkostnaden bli h\u00f6gre och i vissa fall uppg\u00e5 till upp till 1.500 DKK.<\/p>\n<h3 class=\"\" data-start=\"2351\" data-end=\"2386\">Returnera delar av en order<\/h3>\n<p class=\"\" data-start=\"2388\" data-end=\"2528\">Du kan returnera delar av en hel order. Observera dock att vi endast \u00e5terbetalar den ursprungliga fraktkostnaden om hela ordern returneras. <\/p>\n<h3 class=\"\" data-start=\"2535\" data-end=\"2554\">\u00c5terbetalning<\/h3>\n<p class=\"\" data-start=\"2556\" data-end=\"2708\">N\u00e4r vi har tagit emot och godk\u00e4nt din retur \u00e5terbetalar vi det belopp du har r\u00e4tt till &#8211; antingen hela beloppet eller med avdrag f\u00f6r eventuell v\u00e4rdeminskning.<\/p>\n<p class=\"\" data-start=\"2710\" data-end=\"2830\">\u00c5terbetalning sker via samma betalningsmetod som du anv\u00e4nde vid k\u00f6pet &#8211; senast 14 dagar efter att vi har mottagit varan.<\/p>\n<h3 class=\"\" data-start=\"2837\" data-end=\"2866\">Tj\u00e4nster och serviceuppgifter<\/h3>\n<p class=\"\" data-start=\"2868\" data-end=\"2977\">Vid k\u00f6p av tj\u00e4nster, t.ex. installation, \u00e4r \u00e5ngerr\u00e4tten ocks\u00e5 14 dagar fr\u00e5n avtalsdatum.<\/p>\n<p class=\"\" data-start=\"2979\" data-end=\"3173\">Vi p\u00e5b\u00f6rjar inte arbetet f\u00f6rr\u00e4n efter avbest\u00e4llningstiden, om du inte beg\u00e4r att vi ska p\u00e5b\u00f6rja arbetet tidigare. Om du \u00f6nskar detta m\u00e5ste du acceptera att din \u00e5ngerr\u00e4tt f\u00f6rfaller n\u00e4r tj\u00e4nsten \u00e4r helt slutf\u00f6rd. <\/p>\n<p class=\"\" data-start=\"3175\" data-end=\"3267\">Om du \u00e4ndrar dig under processen betalar du bara f\u00f6r den del som vi redan har gjort &#8211; till exempel tid som lagts p\u00e5 installation eller f\u00f6rberedelser.<\/p>\n\t\t\n<style>\n#text-4080885397 {\n  font-size: 1rem;\n}\n<\/style>\n\t<\/div>\n\t\n\n\t\t<\/div>\n\t\t\t\t\t<\/div>\n\n\t\n\n\t<div id=\"col-971249250\" class=\"col medium-5 small-12 large-5\"  >\n\t\t\t\t<div class=\"col-inner\"  >\n\t\t\t\n\t\t\t\n\n\t<div class=\"box has-hover   has-hover box-none box-text-bottom\" >\n\n\t\t<div class=\"box-image\" style=\"width:48%;\">\n\t\t\t\t\t\t<div class=\"\" >\n\t\t\t\t<img loading=\"lazy\" decoding=\"async\" width=\"1024\" height=\"1024\" src=\"https:\/\/nordicore.dk\/wp-content\/uploads\/2025\/05\/return-fill-icon-1024x1024-lrofjzhi.png\" class=\"attachment- size- wvs-archive-product-image\" alt=\"\" srcset=\"https:\/\/nordicore.dk\/wp-content\/uploads\/2025\/05\/return-fill-icon-1024x1024-lrofjzhi.png 1024w, https:\/\/nordicore.dk\/wp-content\/uploads\/2025\/05\/return-fill-icon-1024x1024-lrofjzhi-600x600.png 600w, https:\/\/nordicore.dk\/wp-content\/uploads\/2025\/05\/return-fill-icon-1024x1024-lrofjzhi-300x300.png 300w, https:\/\/nordicore.dk\/wp-content\/uploads\/2025\/05\/return-fill-icon-1024x1024-lrofjzhi-768x768.png 768w, https:\/\/nordicore.dk\/wp-content\/uploads\/2025\/05\/return-fill-icon-1024x1024-lrofjzhi-247x247.png 247w, https:\/\/nordicore.dk\/wp-content\/uploads\/2025\/05\/return-fill-icon-1024x1024-lrofjzhi-510x510.png 510w, https:\/\/nordicore.dk\/wp-content\/uploads\/2025\/05\/return-fill-icon-1024x1024-lrofjzhi-100x100.png 100w, https:\/\/nordicore.dk\/wp-content\/uploads\/2025\/05\/return-fill-icon-1024x1024-lrofjzhi-50x50.png 50w\" sizes=\"auto, (max-width: 1024px) 100vw, 1024px\" \/>\t\t\t\t\t\t\t\t\t\t\t<\/div>\n\t\t\t\t\t<\/div>\n\n\t\t<div class=\"box-text text-center\" >\n\t\t\t<div class=\"box-text-inner\">\n\t\t\t\t\n\n<h4>En titel<\/h4>\n<p>Bildruta text<\/p>\n\n\t\t\t<\/div>\n\t\t<\/div>\n\t<\/div>\n\t\n\n\t\t<\/div>\n\t\t\t\t\t<\/div>\n\n\t\n\n<\/div>\n\n","protected":false},"excerpt":{"rendered":"","protected":false},"author":1,"featured_media":0,"parent":0,"menu_order":0,"comment_status":"closed","ping_status":"closed","template":"","meta":{"footnotes":""},"class_list":["post-2661","page","type-page","status-publish","hentry"],"_links":{"self":[{"href":"https:\/\/nordicore.dk\/sv\/wp-json\/wp\/v2\/pages\/2661","targetHints":{"allow":["GET"]}}],"collection":[{"href":"https:\/\/nordicore.dk\/sv\/wp-json\/wp\/v2\/pages"}],"about":[{"href":"https:\/\/nordicore.dk\/sv\/wp-json\/wp\/v2\/types\/page"}],"author":[{"embeddable":true,"href":"https:\/\/nordicore.dk\/sv\/wp-json\/wp\/v2\/users\/1"}],"replies":[{"embeddable":true,"href":"https:\/\/nordicore.dk\/sv\/wp-json\/wp\/v2\/comments?post=2661"}],"version-history":[{"count":2,"href":"https:\/\/nordicore.dk\/sv\/wp-json\/wp\/v2\/pages\/2661\/revisions"}],"predecessor-version":[{"id":2817,"href":"https:\/\/nordicore.dk\/sv\/wp-json\/wp\/v2\/pages\/2661\/revisions\/2817"}],"wp:attachment":[{"href":"https:\/\/nordicore.dk\/sv\/wp-json\/wp\/v2\/media?parent=2661"}],"curies":[{"name":"wp","href":"https:\/\/api.w.org\/{rel}","templated":true}]}}