{"id":2654,"date":"2025-05-07T00:21:31","date_gmt":"2025-05-07T00:21:31","guid":{"rendered":"https:\/\/nordicore.dk\/leverans\/"},"modified":"2025-07-12T22:14:10","modified_gmt":"2025-07-12T22:14:10","slug":"leverans","status":"publish","type":"page","link":"https:\/\/nordicore.dk\/sv\/leverans\/","title":{"rendered":"Leverans"},"content":{"rendered":"\n<div class=\"row\"  id=\"row-552412418\">\n\n\n\t<div id=\"col-1813675280\" class=\"col medium-6 small-12 large-6\"  >\n\t\t\t\t<div class=\"col-inner\"  >\n\t\t\t\n\t\t\t\n\n<h1 data-start=\"189\" data-end=\"309\">Leverans<\/h1>\n<p class=\"\" data-start=\"189\" data-end=\"309\">Vi ser till att du f\u00e5r din best\u00e4llning snabbt och s\u00e4kert &#8211; oavsett om det \u00e4r en yogamatta eller en tung tr\u00e4ningsmaskin.<\/p>\n<h3 data-start=\"311\" data-end=\"341\">Leveranstid<\/h3>\n<p class=\"\" data-start=\"288\" data-end=\"336\">Leveranstiden beror p\u00e5 vad du har best\u00e4llt:<\/p>\n<ul data-start=\"337\" data-end=\"489\">\n<li class=\"\" data-start=\"337\" data-end=\"404\">\n<p class=\"\" data-start=\"339\" data-end=\"404\">Mindre paket levereras normalt inom 1-3 arbetsdagar.<\/p>\n<\/li>\n<li class=\"\" data-start=\"405\" data-end=\"489\">\n<p class=\"\" data-start=\"407\" data-end=\"489\">St\u00f6rre f\u00f6rs\u00e4ndelser som levereras med kurir tar normalt 2-5 arbetsdagar.<\/p>\n<\/li>\n<\/ul>\n<p class=\"\" data-start=\"491\" data-end=\"596\">Den exakta leveranstiden f\u00f6r din best\u00e4llning visas i kassan, s\u00e5 att du alltid vet n\u00e4r du kan f\u00f6rv\u00e4nta dig leverans.<\/p>\n<h3 data-start=\"604\" data-end=\"629\">Fraktpris<\/h3>\n<p class=\"\" data-start=\"630\" data-end=\"772\">Vi erbjuder fri leverans p\u00e5 best\u00e4llningar \u00f6ver 999 DKK.<br data-start=\"678\" data-end=\"681\">Om du best\u00e4ller f\u00f6r mindre \u00e4n 999 DKK \u00e4r fraktpriset 59 DKK.<\/p>\n<h3 data-start=\"630\" data-end=\"772\">Leveransmetod<\/h3>\n<ul>\n<li class=\"\" data-start=\"779\" data-end=\"863\">\n<p class=\"\" data-start=\"781\" data-end=\"863\">Paket under 35 kg skickas med PostNord eller GLS &#8211; direkt till din d\u00f6rr.<\/p>\n<\/li>\n<li class=\"\" data-start=\"864\" data-end=\"995\">\n<p class=\"\" data-start=\"866\" data-end=\"995\">Paket \u00f6ver 35 kg levereras med bud &#8211; till trottoarkanten. Det inneb\u00e4r att chauff\u00f6ren placerar varorna s\u00e5 n\u00e4ra ditt hem som m\u00f6jligt, d\u00e4r bilen kan parkera lagligt. D\u00e4rifr\u00e5n \u00e4r det ditt ansvar att b\u00e4ra in varorna i ditt hem.  <\/p>\n<\/li>\n<\/ul>\n\n\t\t<\/div>\n\t\t\t\t\t<\/div>\n\n\t\n\n\t<div id=\"col-773590109\" class=\"col medium-6 small-12 large-6\"  >\n\t\t\t\t<div class=\"col-inner\"  >\n\t\t\t\n\t\t\t\n\n\t<div class=\"box has-hover   has-hover box-none box-text-bottom\" >\n\n\t\t<div class=\"box-image\" style=\"border-radius:10%;width:89%;\">\n\t\t\t\t\t\t<div class=\"\" >\n\t\t\t\t<img loading=\"lazy\" decoding=\"async\" width=\"586\" height=\"360\" src=\"https:\/\/nordicore.dk\/wp-content\/uploads\/2025\/05\/360_F_221667826_44mruENg8Qa2dxywsft1yS0M3ZFhmQzh.jpg\" class=\"attachment- size- wvs-archive-product-image\" alt=\"\" srcset=\"https:\/\/nordicore.dk\/wp-content\/uploads\/2025\/05\/360_F_221667826_44mruENg8Qa2dxywsft1yS0M3ZFhmQzh.jpg 586w, https:\/\/nordicore.dk\/wp-content\/uploads\/2025\/05\/360_F_221667826_44mruENg8Qa2dxywsft1yS0M3ZFhmQzh-510x313.jpg 510w\" sizes=\"auto, (max-width: 586px) 100vw, 586px\" \/>\t\t\t\t\t\t\t\t\t\t\t<\/div>\n\t\t\t\t\t<\/div>\n\n\t\t<div class=\"box-text text-center\" >\n\t\t\t<div class=\"box-text-inner\">\n\t\t\t\t\n\n\n\t\t\t<\/div>\n\t\t<\/div>\n\t<\/div>\n\t\n\n\t\t<\/div>\n\t\t\t\t\t<\/div>\n\n\t\n\n<\/div>\n\n","protected":false},"excerpt":{"rendered":"","protected":false},"author":1,"featured_media":0,"parent":0,"menu_order":0,"comment_status":"closed","ping_status":"closed","template":"","meta":{"footnotes":""},"class_list":["post-2654","page","type-page","status-publish","hentry"],"_links":{"self":[{"href":"https:\/\/nordicore.dk\/sv\/wp-json\/wp\/v2\/pages\/2654","targetHints":{"allow":["GET"]}}],"collection":[{"href":"https:\/\/nordicore.dk\/sv\/wp-json\/wp\/v2\/pages"}],"about":[{"href":"https:\/\/nordicore.dk\/sv\/wp-json\/wp\/v2\/types\/page"}],"author":[{"embeddable":true,"href":"https:\/\/nordicore.dk\/sv\/wp-json\/wp\/v2\/users\/1"}],"replies":[{"embeddable":true,"href":"https:\/\/nordicore.dk\/sv\/wp-json\/wp\/v2\/comments?post=2654"}],"version-history":[{"count":2,"href":"https:\/\/nordicore.dk\/sv\/wp-json\/wp\/v2\/pages\/2654\/revisions"}],"predecessor-version":[{"id":2810,"href":"https:\/\/nordicore.dk\/sv\/wp-json\/wp\/v2\/pages\/2654\/revisions\/2810"}],"wp:attachment":[{"href":"https:\/\/nordicore.dk\/sv\/wp-json\/wp\/v2\/media?parent=2654"}],"curies":[{"name":"wp","href":"https:\/\/api.w.org\/{rel}","templated":true}]}}