{"id":2650,"date":"2024-11-18T11:57:00","date_gmt":"2024-11-18T11:57:00","guid":{"rendered":"https:\/\/nordicore.dk\/vagn\/"},"modified":"2025-07-12T22:14:27","modified_gmt":"2025-07-12T22:14:27","slug":"vagn","status":"publish","type":"page","link":"https:\/\/nordicore.dk\/sv\/vagn\/","title":{"rendered":"Vagn"},"content":{"rendered":"\n<div data-block-name=\"woocommerce\/cart\" class=\"wp-block-woocommerce-cart alignwide is-loading\">\n<div data-block-name=\"woocommerce\/filled-cart-block\" class=\"wp-block-woocommerce-filled-cart-block\">\n<div data-block-name=\"woocommerce\/cart-items-block\" class=\"wp-block-woocommerce-cart-items-block\">\n<div data-block-name=\"woocommerce\/cart-line-items-block\" class=\"wp-block-woocommerce-cart-line-items-block\"><\/div>\n\n\n\n<div data-block-name=\"woocommerce\/cart-cross-sells-block\" class=\"wp-block-woocommerce-cart-cross-sells-block\">\n<h2 class=\"wp-block-heading has-large-font-size\">Du kanske \u00e4r intresserad av&#8230;<\/h2>\n\n\n\n<div data-block-name=\"woocommerce\/cart-cross-sells-products-block\" class=\"wp-block-woocommerce-cart-cross-sells-products-block\"><\/div>\n<\/div>\n<\/div>\n\n\n\n<div data-block-name=\"woocommerce\/cart-totals-block\" class=\"wp-block-woocommerce-cart-totals-block\">\n<div data-block-name=\"woocommerce\/cart-order-summary-block\" class=\"wp-block-woocommerce-cart-order-summary-block\">\n<div data-block-name=\"woocommerce\/cart-order-summary-heading-block\" class=\"wp-block-woocommerce-cart-order-summary-heading-block\"><\/div><div data-block-name=\"woocommerce\/cart-order-summary-coupon-form-block\" class=\"wp-block-woocommerce-cart-order-summary-coupon-form-block\"><\/div><div data-block-name=\"woocommerce\/cart-order-summary-totals-block\" class=\"wp-block-woocommerce-cart-order-summary-totals-block\">\n<div data-block-name=\"woocommerce\/cart-order-summary-subtotal-block\" class=\"wp-block-woocommerce-cart-order-summary-subtotal-block\"><\/div>\n<div data-block-name=\"woocommerce\/cart-order-summary-discount-block\" class=\"wp-block-woocommerce-cart-order-summary-discount-block\"><\/div>\n<div data-block-name=\"woocommerce\/cart-order-summary-fee-block\" class=\"wp-block-woocommerce-cart-order-summary-fee-block\"><\/div>\n<div data-block-name=\"woocommerce\/cart-order-summary-shipping-block\" class=\"wp-block-woocommerce-cart-order-summary-shipping-block\"><\/div>\n<div data-block-name=\"woocommerce\/cart-order-summary-taxes-block\" class=\"wp-block-woocommerce-cart-order-summary-taxes-block\"><\/div><\/div>\n<\/div>\n\n\n\n<div data-block-name=\"woocommerce\/cart-express-payment-block\" class=\"wp-block-woocommerce-cart-express-payment-block\"><\/div>\n\n\n\n<div data-block-name=\"woocommerce\/proceed-to-checkout-block\" class=\"wp-block-woocommerce-proceed-to-checkout-block\"><\/div>\n\n\n\n<div data-block-name=\"woocommerce\/cart-accepted-payment-methods-block\" class=\"wp-block-woocommerce-cart-accepted-payment-methods-block\"><\/div>\n<\/div>\n<\/div>\n\n\n\n<div data-block-name=\"woocommerce\/empty-cart-block\" class=\"wp-block-woocommerce-empty-cart-block\">\n<h2 class=\"wp-block-heading has-text-align-center with-empty-cart-icon wc-block-cart__empty-cart__title\">Din varukorg \u00e4r f\u00f6r n\u00e4rvarande tom!<\/h2>\n\n\n\n<hr class=\"wp-block-separator has-alpha-channel-opacity is-style-dots\"\/>\n\n\n\n<h2 class=\"wp-block-heading has-text-align-center\">Ny i butik<\/h2>\n\n\n<div data-block-name=\"woocommerce\/product-new\" data-columns=\"4\" data-rows=\"1\" class=\"wc-block-grid wp-block-product-new wp-block-woocommerce-product-new wc-block-product-new has-4-columns\"><ul class=\"wc-block-grid__products\"><li class=\"wc-block-grid__product\">\n\t\t\t\t<a href=\"https:\/\/nordicore.dk\/sv\/vare\/corerun-essential-r800-loebebaand\/\" class=\"wc-block-grid__product-link\">\n\t\t\t\t\t<div class=\"wc-block-grid__product-onsale\">\n\t\t\t<span aria-hidden=\"true\">Rea<\/span>\n\t\t\t<span class=\"screen-reader-text\">Produkter p\u00e5 rea<\/span>\n\t\t<\/div>\n\t\t\t\t\t<div class=\"wc-block-grid__product-image\"><img loading=\"lazy\" decoding=\"async\" width=\"247\" height=\"247\" src=\"https:\/\/nordicore.dk\/wp-content\/uploads\/2026\/03\/64-247x247.png\" class=\"attachment-woocommerce_thumbnail size-woocommerce_thumbnail wvs-archive-product-image\" alt=\"CoreRun Essential R800 L\u00f8beb\u00e5nd\" srcset=\"https:\/\/nordicore.dk\/wp-content\/uploads\/2026\/03\/64-247x247.png 247w, https:\/\/nordicore.dk\/wp-content\/uploads\/2026\/03\/64-600x600.png 600w, https:\/\/nordicore.dk\/wp-content\/uploads\/2026\/03\/64-300x300.png 300w, https:\/\/nordicore.dk\/wp-content\/uploads\/2026\/03\/64-768x768.png 768w, https:\/\/nordicore.dk\/wp-content\/uploads\/2026\/03\/64-60x60.png 60w, https:\/\/nordicore.dk\/wp-content\/uploads\/2026\/03\/64-510x510.png 510w, https:\/\/nordicore.dk\/wp-content\/uploads\/2026\/03\/64-100x100.png 100w, https:\/\/nordicore.dk\/wp-content\/uploads\/2026\/03\/64-50x50.png 50w, https:\/\/nordicore.dk\/wp-content\/uploads\/2026\/03\/64.png 1000w\" sizes=\"auto, (max-width: 247px) 100vw, 247px\" \/><\/div>\n\t\t\t\t\t<div class=\"wc-block-grid__product-title\">CoreRun Essential R800 L\u00f8beb\u00e5nd<\/div>\n\t\t\t\t<\/a>\n\t\t\t\t<div class=\"wc-block-grid__product-price price\"><del aria-hidden=\"true\"><span class=\"woocommerce-Price-amount amount\">5.500&nbsp;<span class=\"woocommerce-Price-currencySymbol\">kr.<\/span><\/span><\/del> <span class=\"screen-reader-text\">Ursprungligt pris var: 5.500&nbsp;kr..<\/span><ins aria-hidden=\"true\"><span class=\"woocommerce-Price-amount amount\">2.999&nbsp;<span class=\"woocommerce-Price-currencySymbol\">kr.<\/span><\/span><\/ins><span class=\"screen-reader-text\">Aktuellt pris \u00e4r: 2.999&nbsp;kr..<\/span><\/div>\n\t\t\t\t<div class=\"wc-block-grid__product-rating\"><div class=\"star-rating\" role=\"img\" aria-label=\"Betygsatt 4.80 av 5\"><span style=\"width:96%\">Betygsatt <strong class=\"rating\">4.80<\/strong> av 5 baserat p\u00e5 <span class=\"rating\">5<\/span> kundrecensioner<\/span><\/div><\/div>\n\t\t\t\t<div class=\"wp-block-button wc-block-grid__product-add-to-cart\"><a href=\"\/sv\/wp-json\/wp\/v2\/pages\/2650?add-to-cart=5103\" aria-label=\"L\u00e4gg till i varukorgen: \u201dCoreRun Essential R800 L\u00f8beb\u00e5nd\u201d\" data-quantity=\"1\" data-product_id=\"5103\" data-product_sku=\"R800\" data-price=\"2999\" rel=\"nofollow\" class=\"wp-block-button__link  add_to_cart_button ajax_add_to_cart\">L\u00e4gg till i varukorg<\/a><\/div>\n\t\t\t<\/li><li class=\"wc-block-grid__product\">\n\t\t\t\t<a href=\"https:\/\/nordicore.dk\/sv\/vare\/corerun-advanced-r3000-loebebaand\/\" class=\"wc-block-grid__product-link\">\n\t\t\t\t\t<div class=\"wc-block-grid__product-onsale\">\n\t\t\t<span aria-hidden=\"true\">Rea<\/span>\n\t\t\t<span class=\"screen-reader-text\">Produkter p\u00e5 rea<\/span>\n\t\t<\/div>\n\t\t\t\t\t<div class=\"wc-block-grid__product-image\"><img loading=\"lazy\" decoding=\"async\" width=\"247\" height=\"247\" src=\"https:\/\/nordicore.dk\/wp-content\/uploads\/2026\/03\/57-247x247.png\" class=\"attachment-woocommerce_thumbnail size-woocommerce_thumbnail wvs-archive-product-image\" alt=\"CoreRun Advanced R3000 L\u00f8beb\u00e5nd\" srcset=\"https:\/\/nordicore.dk\/wp-content\/uploads\/2026\/03\/57-247x247.png 247w, https:\/\/nordicore.dk\/wp-content\/uploads\/2026\/03\/57-600x600.png 600w, https:\/\/nordicore.dk\/wp-content\/uploads\/2026\/03\/57-300x300.png 300w, https:\/\/nordicore.dk\/wp-content\/uploads\/2026\/03\/57-768x768.png 768w, https:\/\/nordicore.dk\/wp-content\/uploads\/2026\/03\/57-60x60.png 60w, https:\/\/nordicore.dk\/wp-content\/uploads\/2026\/03\/57-510x510.png 510w, https:\/\/nordicore.dk\/wp-content\/uploads\/2026\/03\/57-100x100.png 100w, https:\/\/nordicore.dk\/wp-content\/uploads\/2026\/03\/57-50x50.png 50w, https:\/\/nordicore.dk\/wp-content\/uploads\/2026\/03\/57.png 1000w\" sizes=\"auto, (max-width: 247px) 100vw, 247px\" \/><\/div>\n\t\t\t\t\t<div class=\"wc-block-grid__product-title\">CoreRun Advanced R3000 L\u00f8beb\u00e5nd<\/div>\n\t\t\t\t<\/a>\n\t\t\t\t<div class=\"wc-block-grid__product-price price\"><del aria-hidden=\"true\"><span class=\"woocommerce-Price-amount amount\">8.500&nbsp;<span class=\"woocommerce-Price-currencySymbol\">kr.<\/span><\/span><\/del> <span class=\"screen-reader-text\">Ursprungligt pris var: 8.500&nbsp;kr..<\/span><ins aria-hidden=\"true\"><span class=\"woocommerce-Price-amount amount\">4.999&nbsp;<span class=\"woocommerce-Price-currencySymbol\">kr.<\/span><\/span><\/ins><span class=\"screen-reader-text\">Aktuellt pris \u00e4r: 4.999&nbsp;kr..<\/span><\/div>\n\t\t\t\t<div class=\"wc-block-grid__product-rating\"><div class=\"star-rating\" role=\"img\" aria-label=\"Betygsatt 4.86 av 5\"><span style=\"width:97.2%\">Betygsatt <strong class=\"rating\">4.86<\/strong> av 5 baserat p\u00e5 <span class=\"rating\">7<\/span> kundrecensioner<\/span><\/div><\/div>\n\t\t\t\t<div class=\"wp-block-button wc-block-grid__product-add-to-cart\"><a href=\"\/sv\/wp-json\/wp\/v2\/pages\/2650?add-to-cart=5068\" aria-label=\"L\u00e4gg till i varukorgen: \u201dCoreRun Advanced R3000 L\u00f8beb\u00e5nd\u201d\" data-quantity=\"1\" data-product_id=\"5068\" data-product_sku=\"R3000\" data-price=\"4999\" rel=\"nofollow\" class=\"wp-block-button__link  add_to_cart_button ajax_add_to_cart\">L\u00e4gg till i varukorg<\/a><\/div>\n\t\t\t<\/li><li class=\"wc-block-grid__product\">\n\t\t\t\t<a href=\"https:\/\/nordicore.dk\/sv\/vare\/mango\/\" class=\"wc-block-grid__product-link\">\n\t\t\t\t\t<div class=\"wc-block-grid__product-onsale\">\n\t\t\t<span aria-hidden=\"true\">Rea<\/span>\n\t\t\t<span class=\"screen-reader-text\">Produkter p\u00e5 rea<\/span>\n\t\t<\/div>\n\t\t\t\t\t<div class=\"wc-block-grid__product-image\"><img loading=\"lazy\" decoding=\"async\" width=\"247\" height=\"247\" src=\"https:\/\/nordicore.dk\/wp-content\/uploads\/2025\/10\/29-247x247.png\" class=\"attachment-woocommerce_thumbnail size-woocommerce_thumbnail wvs-archive-product-image\" alt=\"Mango\" srcset=\"https:\/\/nordicore.dk\/wp-content\/uploads\/2025\/10\/29-247x247.png 247w, https:\/\/nordicore.dk\/wp-content\/uploads\/2025\/10\/29-600x600.png 600w, https:\/\/nordicore.dk\/wp-content\/uploads\/2025\/10\/29-300x300.png 300w, https:\/\/nordicore.dk\/wp-content\/uploads\/2025\/10\/29-768x768.png 768w, https:\/\/nordicore.dk\/wp-content\/uploads\/2025\/10\/29-60x60.png 60w, https:\/\/nordicore.dk\/wp-content\/uploads\/2025\/10\/29-510x510.png 510w, https:\/\/nordicore.dk\/wp-content\/uploads\/2025\/10\/29-100x100.png 100w, https:\/\/nordicore.dk\/wp-content\/uploads\/2025\/10\/29-50x50.png 50w, https:\/\/nordicore.dk\/wp-content\/uploads\/2025\/10\/29.png 1000w\" sizes=\"auto, (max-width: 247px) 100vw, 247px\" \/><\/div>\n\t\t\t\t\t<div class=\"wc-block-grid__product-title\">Mango<\/div>\n\t\t\t\t<\/a>\n\t\t\t\t<div class=\"wc-block-grid__product-price price\"><span class=\"woocommerce-Price-amount amount\" aria-hidden=\"true\">69&nbsp;<span class=\"woocommerce-Price-currencySymbol\">kr.<\/span><\/span> <span aria-hidden=\"true\">\u2013<\/span> <span class=\"woocommerce-Price-amount amount\" aria-hidden=\"true\">699&nbsp;<span class=\"woocommerce-Price-currencySymbol\">kr.<\/span><\/span><span class=\"screen-reader-text\">Prisintervall: 69&nbsp;kr. till 699&nbsp;kr.<\/span><\/div>\n\t\t\t\t\n\t\t\t\t<div class=\"wp-block-button wc-block-grid__product-add-to-cart\"><a href=\"https:\/\/nordicore.dk\/sv\/vare\/mango\/\" aria-label=\"V\u00e4lj alternativ f\u00f6r \u201dMango\u201d\" data-quantity=\"1\" data-product_id=\"3858\" data-product_sku=\"MA001\" data-price=\"69\" rel=\"nofollow\" class=\"wp-block-button__link  add_to_cart_button\">V\u00e4lj alternativ<\/a><\/div>\n\t\t\t<\/li><li class=\"wc-block-grid__product\">\n\t\t\t\t<a href=\"https:\/\/nordicore.dk\/sv\/vare\/figne\/\" class=\"wc-block-grid__product-link\">\n\t\t\t\t\t<div class=\"wc-block-grid__product-onsale\">\n\t\t\t<span aria-hidden=\"true\">Rea<\/span>\n\t\t\t<span class=\"screen-reader-text\">Produkter p\u00e5 rea<\/span>\n\t\t<\/div>\n\t\t\t\t\t<div class=\"wc-block-grid__product-image\"><img loading=\"lazy\" decoding=\"async\" width=\"247\" height=\"247\" src=\"https:\/\/nordicore.dk\/wp-content\/uploads\/2025\/10\/32-247x247.png\" class=\"attachment-woocommerce_thumbnail size-woocommerce_thumbnail wvs-archive-product-image\" alt=\"Figne\" srcset=\"https:\/\/nordicore.dk\/wp-content\/uploads\/2025\/10\/32-247x247.png 247w, https:\/\/nordicore.dk\/wp-content\/uploads\/2025\/10\/32-600x600.png 600w, https:\/\/nordicore.dk\/wp-content\/uploads\/2025\/10\/32-300x300.png 300w, https:\/\/nordicore.dk\/wp-content\/uploads\/2025\/10\/32-768x768.png 768w, https:\/\/nordicore.dk\/wp-content\/uploads\/2025\/10\/32-60x60.png 60w, https:\/\/nordicore.dk\/wp-content\/uploads\/2025\/10\/32-510x510.png 510w, https:\/\/nordicore.dk\/wp-content\/uploads\/2025\/10\/32-100x100.png 100w, https:\/\/nordicore.dk\/wp-content\/uploads\/2025\/10\/32-50x50.png 50w, https:\/\/nordicore.dk\/wp-content\/uploads\/2025\/10\/32.png 1000w\" sizes=\"auto, (max-width: 247px) 100vw, 247px\" \/><\/div>\n\t\t\t\t\t<div class=\"wc-block-grid__product-title\">Figne<\/div>\n\t\t\t\t<\/a>\n\t\t\t\t<div class=\"wc-block-grid__product-price price\"><span class=\"woocommerce-Price-amount amount\" aria-hidden=\"true\">69&nbsp;<span class=\"woocommerce-Price-currencySymbol\">kr.<\/span><\/span> <span aria-hidden=\"true\">\u2013<\/span> <span class=\"woocommerce-Price-amount amount\" aria-hidden=\"true\">699&nbsp;<span class=\"woocommerce-Price-currencySymbol\">kr.<\/span><\/span><span class=\"screen-reader-text\">Prisintervall: 69&nbsp;kr. till 699&nbsp;kr.<\/span><\/div>\n\t\t\t\t\n\t\t\t\t<div class=\"wp-block-button wc-block-grid__product-add-to-cart\"><a href=\"https:\/\/nordicore.dk\/sv\/vare\/figne\/\" aria-label=\"V\u00e4lj alternativ f\u00f6r \u201dFigne\u201d\" data-quantity=\"1\" data-product_id=\"3853\" data-product_sku=\"FG001\" data-price=\"69\" rel=\"nofollow\" class=\"wp-block-button__link  add_to_cart_button\">V\u00e4lj alternativ<\/a><\/div>\n\t\t\t<\/li><\/ul><\/div><\/div>\n<\/div>\n","protected":false},"excerpt":{"rendered":"","protected":false},"author":1,"featured_media":0,"parent":0,"menu_order":0,"comment_status":"closed","ping_status":"closed","template":"","meta":{"footnotes":""},"class_list":["post-2650","page","type-page","status-publish","hentry"],"_links":{"self":[{"href":"https:\/\/nordicore.dk\/sv\/wp-json\/wp\/v2\/pages\/2650","targetHints":{"allow":["GET"]}}],"collection":[{"href":"https:\/\/nordicore.dk\/sv\/wp-json\/wp\/v2\/pages"}],"about":[{"href":"https:\/\/nordicore.dk\/sv\/wp-json\/wp\/v2\/types\/page"}],"author":[{"embeddable":true,"href":"https:\/\/nordicore.dk\/sv\/wp-json\/wp\/v2\/users\/1"}],"replies":[{"embeddable":true,"href":"https:\/\/nordicore.dk\/sv\/wp-json\/wp\/v2\/comments?post=2650"}],"version-history":[{"count":2,"href":"https:\/\/nordicore.dk\/sv\/wp-json\/wp\/v2\/pages\/2650\/revisions"}],"predecessor-version":[{"id":2822,"href":"https:\/\/nordicore.dk\/sv\/wp-json\/wp\/v2\/pages\/2650\/revisions\/2822"}],"wp:attachment":[{"href":"https:\/\/nordicore.dk\/sv\/wp-json\/wp\/v2\/media?parent=2650"}],"curies":[{"name":"wp","href":"https:\/\/api.w.org\/{rel}","templated":true}]}}